{"id":808,"date":"2022-07-26T23:35:29","date_gmt":"2022-07-26T21:35:29","guid":{"rendered":"https:\/\/internatmotors.fr\/?page_id=808"},"modified":"2023-11-02T16:29:40","modified_gmt":"2023-11-02T15:29:40","slug":"remotorisation-in-bord-hors-bord","status":"publish","type":"page","link":"https:\/\/internatmotors.fr\/index.php\/remotorisation-in-bord-hors-bord\/","title":{"rendered":"Remotorisation IMS"},"content":{"rendered":"\t\t<div data-elementor-type=\"wp-page\" data-elementor-id=\"808\" class=\"elementor elementor-808\">\n\t\t\t\t\t\t<section class=\"elementor-section elementor-top-section elementor-element elementor-element-69f80a3 elementor-section-stretched elementor-section-height-min-height elementor-section-boxed elementor-section-height-default elementor-section-items-middle\" data-id=\"69f80a3\" data-element_type=\"section\" data-e-type=\"section\" data-settings=\"{&quot;stretch_section&quot;:&quot;section-stretched&quot;}\">\n\t\t\t\t\t\t\t<div class=\"elementor-background-overlay\"><\/div>\n\t\t\t\t\t\t\t<div class=\"elementor-container elementor-column-gap-default\">\n\t\t\t\t\t<div class=\"elementor-column elementor-col-100 elementor-top-column elementor-element elementor-element-c056643\" data-id=\"c056643\" data-element_type=\"column\" data-e-type=\"column\">\n\t\t\t<div class=\"elementor-widget-wrap elementor-element-populated\">\n\t\t\t\t\t\t<div class=\"elementor-element elementor-element-56faf0f elementor-widget elementor-widget-heading\" data-id=\"56faf0f\" data-element_type=\"widget\" data-e-type=\"widget\" data-widget_type=\"heading.default\">\n\t\t\t\t<div class=\"elementor-widget-container\">\n\t\t\t\t\t<h1 class=\"elementor-heading-title elementor-size-default\">Remotorisation<\/h1>\t\t\t\t<\/div>\n\t\t\t\t<\/div>\n\t\t\t\t<div class=\"elementor-element elementor-element-d1d07fc elementor-widget-divider--view-line elementor-widget elementor-widget-divider\" data-id=\"d1d07fc\" data-element_type=\"widget\" data-e-type=\"widget\" data-widget_type=\"divider.default\">\n\t\t\t\t<div class=\"elementor-widget-container\">\n\t\t\t\t\t\t\t<div class=\"elementor-divider\">\n\t\t\t<span class=\"elementor-divider-separator\">\n\t\t\t\t\t\t<\/span>\n\t\t<\/div>\n\t\t\t\t\t\t<\/div>\n\t\t\t\t<\/div>\n\t\t\t\t<div class=\"elementor-element elementor-element-874d4b1 elementor-widget elementor-widget-text-editor\" data-id=\"874d4b1\" data-element_type=\"widget\" data-e-type=\"widget\" data-widget_type=\"text-editor.default\">\n\t\t\t\t<div class=\"elementor-widget-container\">\n\t\t\t\t\t\t\t\t\t<p>DE L&rsquo;\u00c9TUDE DE LA FAISABILITE \u00c0 LA R\u00c9ALISATION CL\u00c9S EN MAIN<\/p><p>IMS VOUS APPORTE TOUTE SON EXP\u00c9RIENCE POUR TOUS VOS PROJETS DE REMOTORISATION<\/p>\t\t\t\t\t\t\t\t<\/div>\n\t\t\t\t<\/div>\n\t\t\t\t\t<\/div>\n\t\t<\/div>\n\t\t\t\t\t<\/div>\n\t\t<\/section>\n\t\t\t\t<section class=\"elementor-section elementor-top-section elementor-element elementor-element-b06eceb elementor-section-boxed elementor-section-height-default elementor-section-height-default\" data-id=\"b06eceb\" data-element_type=\"section\" data-e-type=\"section\">\n\t\t\t\t\t\t<div class=\"elementor-container elementor-column-gap-default\">\n\t\t\t\t\t<div class=\"elementor-column elementor-col-100 elementor-top-column elementor-element elementor-element-9b9ae9a\" data-id=\"9b9ae9a\" data-element_type=\"column\" data-e-type=\"column\">\n\t\t\t<div class=\"elementor-widget-wrap elementor-element-populated\">\n\t\t\t\t\t\t<div class=\"elementor-element elementor-element-7ee6c25 elementor-widget elementor-widget-spacer\" data-id=\"7ee6c25\" data-element_type=\"widget\" data-e-type=\"widget\" data-widget_type=\"spacer.default\">\n\t\t\t\t<div class=\"elementor-widget-container\">\n\t\t\t\t\t\t\t<div class=\"elementor-spacer\">\n\t\t\t<div class=\"elementor-spacer-inner\"><\/div>\n\t\t<\/div>\n\t\t\t\t\t\t<\/div>\n\t\t\t\t<\/div>\n\t\t\t\t<div class=\"elementor-element elementor-element-c5077ca elementor-widget elementor-widget-text-editor\" data-id=\"c5077ca\" data-element_type=\"widget\" data-e-type=\"widget\" data-widget_type=\"text-editor.default\">\n\t\t\t\t<div class=\"elementor-widget-container\">\n\t\t\t\t\t\t\t\t\t<p>Votre <strong>bateau<\/strong> vous procure une immense satisfaction depuis son acquisition, mais au fil du temps, vous constatez une diminution de ses performances.\u00a0<\/p><p>Les co\u00fbts de <strong>maintenance<\/strong> en constante augmentation p\u00e8sent sur votre budget, et peut-\u00eatre que votre vieux moteur commence \u00e0 manifester des signes de faiblesse inqui\u00e9tants.\u00a0<\/p><p>Comme toute m\u00e9canique, un <strong>moteur<\/strong> subit les effets de l&rsquo;usure au fil des ann\u00e9es.\u00a0<\/p><p>M\u00eame avec un <strong>entretien<\/strong> r\u00e9gulier, il peut devenir n\u00e9cessaire de le remplacer pour lui redonner une nouvelle jeunesse.\u00a0<\/p><p>Opter pour un remplacement vous permet d&rsquo;\u00e9conomiser sur les <strong>r\u00e9parations<\/strong> ainsi que sur la <strong>consommation de carburant.<\/strong><\/p><p>IMS se sp\u00e9cialise dans l&rsquo;expertise de votre <strong>moteur<\/strong> et vous accompagne dans le processus de <strong>remotorisation<\/strong>.\u00a0<\/p><p>N&rsquo;h\u00e9sitez pas \u00e0 nous contacter, nous organiserons une visite \u00e0 bord de votre <strong>bateau<\/strong> selon vos pr\u00e9f\u00e9rences, avec notre chef d&rsquo;atelier.<\/p><p>Nous \u00e9tablissons un <strong>devis<\/strong> gratuit et sans aucun engagement de votre part, vous permettant de prendre une d\u00e9cision \u00e9clair\u00e9e quant au <strong>remplacement de votre moteur<\/strong>.\u00a0<\/p><p>Faites confiance \u00e0 IMS pour donner un nouveau souffle \u00e0 votre <strong>bateau<\/strong> et r\u00e9aliser des \u00e9conomies substantielles.<\/p>\t\t\t\t\t\t\t\t<\/div>\n\t\t\t\t<\/div>\n\t\t\t\t\t<\/div>\n\t\t<\/div>\n\t\t\t\t\t<\/div>\n\t\t<\/section>\n\t\t\t\t<section class=\"elementor-section elementor-top-section elementor-element elementor-element-e801642 elementor-section-full_width elementor-section-stretched elementor-section-height-default elementor-section-height-default\" data-id=\"e801642\" data-element_type=\"section\" data-e-type=\"section\" data-settings=\"{&quot;stretch_section&quot;:&quot;section-stretched&quot;}\">\n\t\t\t\t\t\t<div class=\"elementor-container elementor-column-gap-default\">\n\t\t\t\t\t<div class=\"elementor-column elementor-col-100 elementor-top-column elementor-element elementor-element-6a58530\" data-id=\"6a58530\" data-element_type=\"column\" data-e-type=\"column\">\n\t\t\t<div class=\"elementor-widget-wrap elementor-element-populated\">\n\t\t\t\t\t\t<div class=\"elementor-element elementor-element-9882d83 elementor-arrows-position-inside elementor-pagination-position-outside elementor-widget elementor-widget-image-carousel\" data-id=\"9882d83\" data-element_type=\"widget\" data-e-type=\"widget\" data-settings=\"{&quot;slides_to_show_mobile&quot;:&quot;3&quot;,&quot;speed&quot;:625,&quot;navigation&quot;:&quot;both&quot;,&quot;autoplay&quot;:&quot;yes&quot;,&quot;pause_on_hover&quot;:&quot;yes&quot;,&quot;pause_on_interaction&quot;:&quot;yes&quot;,&quot;autoplay_speed&quot;:5000,&quot;infinite&quot;:&quot;yes&quot;}\" data-widget_type=\"image-carousel.default\">\n\t\t\t\t<div class=\"elementor-widget-container\">\n\t\t\t\t\t\t\t<div class=\"elementor-image-carousel-wrapper swiper\" role=\"region\" aria-roledescription=\"carousel\" aria-label=\"Carrousel d\u2019images\" dir=\"ltr\">\n\t\t\t<div class=\"elementor-image-carousel swiper-wrapper\" aria-live=\"off\">\n\t\t\t\t\t\t\t\t<div class=\"swiper-slide\" role=\"group\" aria-roledescription=\"slide\" aria-label=\"1 sur 5\"><figure class=\"swiper-slide-inner\"><img decoding=\"async\" class=\"swiper-slide-image\" src=\"https:\/\/internatmotors.fr\/wp-content\/uploads\/2022\/07\/moteur1-1024x817.png\" alt=\"MERCRUISER\" \/><\/figure><\/div><div class=\"swiper-slide\" role=\"group\" aria-roledescription=\"slide\" aria-label=\"2 sur 5\"><figure class=\"swiper-slide-inner\"><img decoding=\"async\" class=\"swiper-slide-image\" src=\"https:\/\/internatmotors.fr\/wp-content\/uploads\/2022\/07\/moteur7.png\" alt=\"VOLVO PENTA\" \/><\/figure><\/div><div class=\"swiper-slide\" role=\"group\" aria-roledescription=\"slide\" aria-label=\"3 sur 5\"><figure class=\"swiper-slide-inner\"><img decoding=\"async\" class=\"swiper-slide-image\" src=\"https:\/\/internatmotors.fr\/wp-content\/uploads\/2022\/07\/moteur2-1024x803.png\" alt=\"NANNI ENERGY\" \/><\/figure><\/div><div class=\"swiper-slide\" role=\"group\" aria-roledescription=\"slide\" aria-label=\"4 sur 5\"><figure class=\"swiper-slide-inner\"><img decoding=\"async\" class=\"swiper-slide-image\" src=\"https:\/\/internatmotors.fr\/wp-content\/uploads\/2022\/07\/moteur8.jpg\" alt=\"VOLVO PENTA\" \/><\/figure><\/div><div class=\"swiper-slide\" role=\"group\" aria-roledescription=\"slide\" aria-label=\"5 sur 5\"><figure class=\"swiper-slide-inner\"><img decoding=\"async\" class=\"swiper-slide-image\" src=\"https:\/\/internatmotors.fr\/wp-content\/uploads\/2022\/07\/moteur3-1024x712.png\" alt=\"NANNI ENERGY\" \/><\/figure><\/div>\t\t\t<\/div>\n\t\t\t\t\t\t\t\t\t\t\t\t<div class=\"elementor-swiper-button elementor-swiper-button-prev\" role=\"button\" tabindex=\"0\">\n\t\t\t\t\t\t<i aria-hidden=\"true\" class=\"eicon-chevron-left\"><\/i>\t\t\t\t\t<\/div>\n\t\t\t\t\t<div class=\"elementor-swiper-button elementor-swiper-button-next\" role=\"button\" tabindex=\"0\">\n\t\t\t\t\t\t<i aria-hidden=\"true\" class=\"eicon-chevron-right\"><\/i>\t\t\t\t\t<\/div>\n\t\t\t\t\n\t\t\t\t\t\t\t\t\t<div class=\"swiper-pagination\"><\/div>\n\t\t\t\t\t\t\t\t\t<\/div>\n\t\t\t\t\t\t<\/div>\n\t\t\t\t<\/div>\n\t\t\t\t\t<\/div>\n\t\t<\/div>\n\t\t\t\t\t<\/div>\n\t\t<\/section>\n\t\t\t\t<section class=\"elementor-section elementor-top-section elementor-element elementor-element-0c23ea3 elementor-section-full_width elementor-section-content-middle elementor-section-stretched elementor-section-height-default elementor-section-height-default\" data-id=\"0c23ea3\" data-element_type=\"section\" data-e-type=\"section\" data-settings=\"{&quot;stretch_section&quot;:&quot;section-stretched&quot;}\">\n\t\t\t\t\t\t<div class=\"elementor-container elementor-column-gap-no\">\n\t\t\t\t\t<div class=\"elementor-column elementor-col-50 elementor-top-column elementor-element elementor-element-41c85db\" data-id=\"41c85db\" data-element_type=\"column\" data-e-type=\"column\" data-settings=\"{&quot;background_background&quot;:&quot;classic&quot;}\">\n\t\t\t<div class=\"elementor-widget-wrap elementor-element-populated\">\n\t\t\t\t\t\t<div class=\"elementor-element elementor-element-1a85744 elementor-widget elementor-widget-heading\" data-id=\"1a85744\" data-element_type=\"widget\" data-e-type=\"widget\" data-widget_type=\"heading.default\">\n\t\t\t\t<div class=\"elementor-widget-container\">\n\t\t\t\t\t<h3 class=\"elementor-heading-title elementor-size-default\"><strong style=\"font-size: 26px;font-style: normal;letter-spacing: 0.4px;text-align: center;white-space: normal\">Besoin d'un devis ou d'une information ? &nbsp;Appelez nous !<\/strong><\/h3>\t\t\t\t<\/div>\n\t\t\t\t<\/div>\n\t\t\t\t\t<\/div>\n\t\t<\/div>\n\t\t\t\t<div class=\"elementor-column elementor-col-50 elementor-top-column elementor-element elementor-element-bc45243\" data-id=\"bc45243\" data-element_type=\"column\" data-e-type=\"column\" data-settings=\"{&quot;background_background&quot;:&quot;classic&quot;}\">\n\t\t\t<div class=\"elementor-widget-wrap elementor-element-populated\">\n\t\t\t\t\t\t<div class=\"elementor-element elementor-element-80f3806 elementor-align-left elementor-mobile-align-center elementor-widget elementor-widget-button\" data-id=\"80f3806\" data-element_type=\"widget\" data-e-type=\"widget\" data-widget_type=\"button.default\">\n\t\t\t\t<div class=\"elementor-widget-container\">\n\t\t\t\t\t\t\t\t\t<div class=\"elementor-button-wrapper\">\n\t\t\t\t\t<a class=\"elementor-button elementor-button-link elementor-size-lg\" href=\"https:\/\/internatmotors.fr\/index.php\/contact-us\/\">\n\t\t\t\t\t\t<span class=\"elementor-button-content-wrapper\">\n\t\t\t\t\t\t\t\t\t<span class=\"elementor-button-text\">Cliquez ici<\/span>\n\t\t\t\t\t<\/span>\n\t\t\t\t\t<\/a>\n\t\t\t\t<\/div>\n\t\t\t\t\t\t\t\t<\/div>\n\t\t\t\t<\/div>\n\t\t\t\t\t<\/div>\n\t\t<\/div>\n\t\t\t\t\t<\/div>\n\t\t<\/section>\n\t\t\t\t<\/div>\n\t\t","protected":false},"excerpt":{"rendered":"<p>Remotorisation DE L&rsquo;\u00c9TUDE DE LA FAISABILITE \u00c0 LA R\u00c9ALISATION CL\u00c9S EN MAIN IMS VOUS APPORTE TOUTE SON EXP\u00c9RIENCE POUR TOUS VOS PROJETS DE REMOTORISATION Votre bateau vous procure une immense satisfaction depuis son acquisition, mais au fil du temps, vous constatez une diminution de ses performances.\u00a0 Les co\u00fbts de maintenance en constante augmentation p\u00e8sent sur [&hellip;]<\/p>\n","protected":false},"author":1,"featured_media":0,"parent":0,"menu_order":0,"comment_status":"closed","ping_status":"closed","template":"","meta":{"ocean_post_layout":"","ocean_both_sidebars_style":"","ocean_both_sidebars_content_width":0,"ocean_both_sidebars_sidebars_width":0,"ocean_sidebar":"0","ocean_second_sidebar":"0","ocean_disable_margins":"enable","ocean_add_body_class":"","ocean_shortcode_before_top_bar":"","ocean_shortcode_after_top_bar":"","ocean_shortcode_before_header":"","ocean_shortcode_after_header":"","ocean_has_shortcode":"","ocean_shortcode_after_title":"","ocean_shortcode_before_footer_widgets":"","ocean_shortcode_after_footer_widgets":"","ocean_shortcode_before_footer_bottom":"","ocean_shortcode_after_footer_bottom":"","ocean_display_top_bar":"default","ocean_display_header":"default","ocean_header_style":"","ocean_center_header_left_menu":"0","ocean_custom_header_template":"0","ocean_custom_logo":0,"ocean_custom_retina_logo":0,"ocean_custom_logo_max_width":0,"ocean_custom_logo_tablet_max_width":0,"ocean_custom_logo_mobile_max_width":0,"ocean_custom_logo_max_height":0,"ocean_custom_logo_tablet_max_height":0,"ocean_custom_logo_mobile_max_height":0,"ocean_header_custom_menu":"0","ocean_menu_typo_font_family":"0","ocean_menu_typo_font_subset":"","ocean_menu_typo_font_size":0,"ocean_menu_typo_font_size_tablet":0,"ocean_menu_typo_font_size_mobile":0,"ocean_menu_typo_font_size_unit":"px","ocean_menu_typo_font_weight":"","ocean_menu_typo_font_weight_tablet":"","ocean_menu_typo_font_weight_mobile":"","ocean_menu_typo_transform":"","ocean_menu_typo_transform_tablet":"","ocean_menu_typo_transform_mobile":"","ocean_menu_typo_line_height":0,"ocean_menu_typo_line_height_tablet":0,"ocean_menu_typo_line_height_mobile":0,"ocean_menu_typo_line_height_unit":"","ocean_menu_typo_spacing":0,"ocean_menu_typo_spacing_tablet":0,"ocean_menu_typo_spacing_mobile":0,"ocean_menu_typo_spacing_unit":"","ocean_menu_link_color":"","ocean_menu_link_color_hover":"","ocean_menu_link_color_active":"","ocean_menu_link_background":"","ocean_menu_link_hover_background":"","ocean_menu_link_active_background":"","ocean_menu_social_links_bg":"","ocean_menu_social_hover_links_bg":"","ocean_menu_social_links_color":"","ocean_menu_social_hover_links_color":"","ocean_disable_title":"on","ocean_disable_heading":"default","ocean_post_title":"","ocean_post_subheading":"","ocean_post_title_style":"","ocean_post_title_background_color":"","ocean_post_title_background":0,"ocean_post_title_bg_image_position":"","ocean_post_title_bg_image_attachment":"","ocean_post_title_bg_image_repeat":"","ocean_post_title_bg_image_size":"","ocean_post_title_height":0,"ocean_post_title_bg_overlay":0.5,"ocean_post_title_bg_overlay_color":"","ocean_disable_breadcrumbs":"default","ocean_breadcrumbs_color":"","ocean_breadcrumbs_separator_color":"","ocean_breadcrumbs_links_color":"","ocean_breadcrumbs_links_hover_color":"","ocean_display_footer_widgets":"default","ocean_display_footer_bottom":"default","ocean_custom_footer_template":"0","footnotes":""},"class_list":["post-808","page","type-page","status-publish","hentry","entry","owp-thumbs-layout-horizontal","owp-btn-normal","owp-tabs-layout-horizontal","has-no-thumbnails","has-product-nav"],"yoast_head":"<!-- This site is optimized with the Yoast SEO plugin v27.5 - https:\/\/yoast.com\/product\/yoast-seo-wordpress\/ -->\n<title>Vous souhaitez remotoriser votre bateau ? B\u00e9n\u00e9ficiez de conseils professionnels<\/title>\n<meta name=\"description\" content=\"De l&#039;\u00e9tude de la faisabilit\u00e9 \u00e0 la r\u00e9alisation cl\u00e9s en main IMS vous apporte toute son exp\u00e9rience pour tous vos projets de remotorisation. DEVIS GRATUIT\" \/>\n<meta name=\"robots\" content=\"index, follow, max-snippet:-1, max-image-preview:large, max-video-preview:-1\" \/>\n<link rel=\"canonical\" href=\"https:\/\/internatmotors.fr\/index.php\/remotorisation-in-bord-hors-bord\/\" \/>\n<meta property=\"og:locale\" content=\"fr_FR\" \/>\n<meta property=\"og:type\" content=\"article\" \/>\n<meta property=\"og:title\" content=\"Vous souhaitez remotoriser votre bateau ? B\u00e9n\u00e9ficiez de conseils professionnels\" \/>\n<meta property=\"og:description\" content=\"De l&#039;\u00e9tude de la faisabilit\u00e9 \u00e0 la r\u00e9alisation cl\u00e9s en main IMS vous apporte toute son exp\u00e9rience pour tous vos projets de remotorisation. DEVIS GRATUIT\" \/>\n<meta property=\"og:url\" content=\"https:\/\/internatmotors.fr\/index.php\/remotorisation-in-bord-hors-bord\/\" \/>\n<meta property=\"og:site_name\" content=\"IMS\" \/>\n<meta property=\"article:publisher\" content=\"https:\/\/www.facebook.com\/ims.ims.505960\" \/>\n<meta property=\"article:modified_time\" content=\"2023-11-02T15:29:40+00:00\" \/>\n<meta property=\"og:image\" content=\"https:\/\/internatmotors.fr\/wp-content\/uploads\/2022\/07\/moteur1-1024x817.png\" \/>\n<meta name=\"twitter:card\" content=\"summary_large_image\" \/>\n<meta name=\"twitter:label1\" content=\"Dur\u00e9e de lecture estim\u00e9e\" \/>\n\t<meta name=\"twitter:data1\" content=\"4 minutes\" \/>\n<script type=\"application\/ld+json\" class=\"yoast-schema-graph\">{\"@context\":\"https:\\\/\\\/schema.org\",\"@graph\":[{\"@type\":\"WebPage\",\"@id\":\"https:\\\/\\\/internatmotors.fr\\\/index.php\\\/remotorisation-in-bord-hors-bord\\\/\",\"url\":\"https:\\\/\\\/internatmotors.fr\\\/index.php\\\/remotorisation-in-bord-hors-bord\\\/\",\"name\":\"Vous souhaitez remotoriser votre bateau ? B\u00e9n\u00e9ficiez de conseils professionnels\",\"isPartOf\":{\"@id\":\"https:\\\/\\\/internatmotors.fr\\\/#website\"},\"primaryImageOfPage\":{\"@id\":\"https:\\\/\\\/internatmotors.fr\\\/index.php\\\/remotorisation-in-bord-hors-bord\\\/#primaryimage\"},\"image\":{\"@id\":\"https:\\\/\\\/internatmotors.fr\\\/index.php\\\/remotorisation-in-bord-hors-bord\\\/#primaryimage\"},\"thumbnailUrl\":\"https:\\\/\\\/internatmotors.fr\\\/wp-content\\\/uploads\\\/2022\\\/07\\\/moteur1-1024x817.png\",\"datePublished\":\"2022-07-26T21:35:29+00:00\",\"dateModified\":\"2023-11-02T15:29:40+00:00\",\"description\":\"De l'\u00e9tude de la faisabilit\u00e9 \u00e0 la r\u00e9alisation cl\u00e9s en main IMS vous apporte toute son exp\u00e9rience pour tous vos projets de remotorisation. DEVIS GRATUIT\",\"breadcrumb\":{\"@id\":\"https:\\\/\\\/internatmotors.fr\\\/index.php\\\/remotorisation-in-bord-hors-bord\\\/#breadcrumb\"},\"inLanguage\":\"fr-FR\",\"potentialAction\":[{\"@type\":\"ReadAction\",\"target\":[\"https:\\\/\\\/internatmotors.fr\\\/index.php\\\/remotorisation-in-bord-hors-bord\\\/\"]}]},{\"@type\":\"ImageObject\",\"inLanguage\":\"fr-FR\",\"@id\":\"https:\\\/\\\/internatmotors.fr\\\/index.php\\\/remotorisation-in-bord-hors-bord\\\/#primaryimage\",\"url\":\"https:\\\/\\\/internatmotors.fr\\\/wp-content\\\/uploads\\\/2022\\\/07\\\/moteur1.png\",\"contentUrl\":\"https:\\\/\\\/internatmotors.fr\\\/wp-content\\\/uploads\\\/2022\\\/07\\\/moteur1.png\",\"width\":1698,\"height\":1354,\"caption\":\"MERCRUISER\"},{\"@type\":\"BreadcrumbList\",\"@id\":\"https:\\\/\\\/internatmotors.fr\\\/index.php\\\/remotorisation-in-bord-hors-bord\\\/#breadcrumb\",\"itemListElement\":[{\"@type\":\"ListItem\",\"position\":1,\"name\":\"Accueil\",\"item\":\"https:\\\/\\\/internatmotors.fr\\\/\"},{\"@type\":\"ListItem\",\"position\":2,\"name\":\"Remotorisation IMS\"}]},{\"@type\":\"WebSite\",\"@id\":\"https:\\\/\\\/internatmotors.fr\\\/#website\",\"url\":\"https:\\\/\\\/internatmotors.fr\\\/\",\"name\":\"IMS\",\"description\":\"Les sp\u00e9cialistes du moteur marin\",\"publisher\":{\"@id\":\"https:\\\/\\\/internatmotors.fr\\\/#organization\"},\"potentialAction\":[{\"@type\":\"SearchAction\",\"target\":{\"@type\":\"EntryPoint\",\"urlTemplate\":\"https:\\\/\\\/internatmotors.fr\\\/?s={search_term_string}\"},\"query-input\":{\"@type\":\"PropertyValueSpecification\",\"valueRequired\":true,\"valueName\":\"search_term_string\"}}],\"inLanguage\":\"fr-FR\"},{\"@type\":\"Organization\",\"@id\":\"https:\\\/\\\/internatmotors.fr\\\/#organization\",\"name\":\"IMS\",\"url\":\"https:\\\/\\\/internatmotors.fr\\\/\",\"logo\":{\"@type\":\"ImageObject\",\"inLanguage\":\"fr-FR\",\"@id\":\"https:\\\/\\\/internatmotors.fr\\\/#\\\/schema\\\/logo\\\/image\\\/\",\"url\":\"https:\\\/\\\/internatmotors.fr\\\/wp-content\\\/uploads\\\/2022\\\/07\\\/Logo-Vectoriel-IMS-sans-fond-.png\",\"contentUrl\":\"https:\\\/\\\/internatmotors.fr\\\/wp-content\\\/uploads\\\/2022\\\/07\\\/Logo-Vectoriel-IMS-sans-fond-.png\",\"width\":604,\"height\":320,\"caption\":\"IMS\"},\"image\":{\"@id\":\"https:\\\/\\\/internatmotors.fr\\\/#\\\/schema\\\/logo\\\/image\\\/\"},\"sameAs\":[\"https:\\\/\\\/www.facebook.com\\\/ims.ims.505960\",\"https:\\\/\\\/www.instagram.com\\\/ims.marseille\\\/?hl=fr\"]}]}<\/script>\n<!-- \/ Yoast SEO plugin. -->","yoast_head_json":{"title":"Vous souhaitez remotoriser votre bateau ? B\u00e9n\u00e9ficiez de conseils professionnels","description":"De l'\u00e9tude de la faisabilit\u00e9 \u00e0 la r\u00e9alisation cl\u00e9s en main IMS vous apporte toute son exp\u00e9rience pour tous vos projets de remotorisation. DEVIS GRATUIT","robots":{"index":"index","follow":"follow","max-snippet":"max-snippet:-1","max-image-preview":"max-image-preview:large","max-video-preview":"max-video-preview:-1"},"canonical":"https:\/\/internatmotors.fr\/index.php\/remotorisation-in-bord-hors-bord\/","og_locale":"fr_FR","og_type":"article","og_title":"Vous souhaitez remotoriser votre bateau ? B\u00e9n\u00e9ficiez de conseils professionnels","og_description":"De l'\u00e9tude de la faisabilit\u00e9 \u00e0 la r\u00e9alisation cl\u00e9s en main IMS vous apporte toute son exp\u00e9rience pour tous vos projets de remotorisation. DEVIS GRATUIT","og_url":"https:\/\/internatmotors.fr\/index.php\/remotorisation-in-bord-hors-bord\/","og_site_name":"IMS","article_publisher":"https:\/\/www.facebook.com\/ims.ims.505960","article_modified_time":"2023-11-02T15:29:40+00:00","og_image":[{"url":"https:\/\/internatmotors.fr\/wp-content\/uploads\/2022\/07\/moteur1-1024x817.png","type":"","width":"","height":""}],"twitter_card":"summary_large_image","twitter_misc":{"Dur\u00e9e de lecture estim\u00e9e":"4 minutes"},"schema":{"@context":"https:\/\/schema.org","@graph":[{"@type":"WebPage","@id":"https:\/\/internatmotors.fr\/index.php\/remotorisation-in-bord-hors-bord\/","url":"https:\/\/internatmotors.fr\/index.php\/remotorisation-in-bord-hors-bord\/","name":"Vous souhaitez remotoriser votre bateau ? B\u00e9n\u00e9ficiez de conseils professionnels","isPartOf":{"@id":"https:\/\/internatmotors.fr\/#website"},"primaryImageOfPage":{"@id":"https:\/\/internatmotors.fr\/index.php\/remotorisation-in-bord-hors-bord\/#primaryimage"},"image":{"@id":"https:\/\/internatmotors.fr\/index.php\/remotorisation-in-bord-hors-bord\/#primaryimage"},"thumbnailUrl":"https:\/\/internatmotors.fr\/wp-content\/uploads\/2022\/07\/moteur1-1024x817.png","datePublished":"2022-07-26T21:35:29+00:00","dateModified":"2023-11-02T15:29:40+00:00","description":"De l'\u00e9tude de la faisabilit\u00e9 \u00e0 la r\u00e9alisation cl\u00e9s en main IMS vous apporte toute son exp\u00e9rience pour tous vos projets de remotorisation. DEVIS GRATUIT","breadcrumb":{"@id":"https:\/\/internatmotors.fr\/index.php\/remotorisation-in-bord-hors-bord\/#breadcrumb"},"inLanguage":"fr-FR","potentialAction":[{"@type":"ReadAction","target":["https:\/\/internatmotors.fr\/index.php\/remotorisation-in-bord-hors-bord\/"]}]},{"@type":"ImageObject","inLanguage":"fr-FR","@id":"https:\/\/internatmotors.fr\/index.php\/remotorisation-in-bord-hors-bord\/#primaryimage","url":"https:\/\/internatmotors.fr\/wp-content\/uploads\/2022\/07\/moteur1.png","contentUrl":"https:\/\/internatmotors.fr\/wp-content\/uploads\/2022\/07\/moteur1.png","width":1698,"height":1354,"caption":"MERCRUISER"},{"@type":"BreadcrumbList","@id":"https:\/\/internatmotors.fr\/index.php\/remotorisation-in-bord-hors-bord\/#breadcrumb","itemListElement":[{"@type":"ListItem","position":1,"name":"Accueil","item":"https:\/\/internatmotors.fr\/"},{"@type":"ListItem","position":2,"name":"Remotorisation IMS"}]},{"@type":"WebSite","@id":"https:\/\/internatmotors.fr\/#website","url":"https:\/\/internatmotors.fr\/","name":"IMS","description":"Les sp\u00e9cialistes du moteur marin","publisher":{"@id":"https:\/\/internatmotors.fr\/#organization"},"potentialAction":[{"@type":"SearchAction","target":{"@type":"EntryPoint","urlTemplate":"https:\/\/internatmotors.fr\/?s={search_term_string}"},"query-input":{"@type":"PropertyValueSpecification","valueRequired":true,"valueName":"search_term_string"}}],"inLanguage":"fr-FR"},{"@type":"Organization","@id":"https:\/\/internatmotors.fr\/#organization","name":"IMS","url":"https:\/\/internatmotors.fr\/","logo":{"@type":"ImageObject","inLanguage":"fr-FR","@id":"https:\/\/internatmotors.fr\/#\/schema\/logo\/image\/","url":"https:\/\/internatmotors.fr\/wp-content\/uploads\/2022\/07\/Logo-Vectoriel-IMS-sans-fond-.png","contentUrl":"https:\/\/internatmotors.fr\/wp-content\/uploads\/2022\/07\/Logo-Vectoriel-IMS-sans-fond-.png","width":604,"height":320,"caption":"IMS"},"image":{"@id":"https:\/\/internatmotors.fr\/#\/schema\/logo\/image\/"},"sameAs":["https:\/\/www.facebook.com\/ims.ims.505960","https:\/\/www.instagram.com\/ims.marseille\/?hl=fr"]}]}},"_links":{"self":[{"href":"https:\/\/internatmotors.fr\/index.php\/wp-json\/wp\/v2\/pages\/808","targetHints":{"allow":["GET"]}}],"collection":[{"href":"https:\/\/internatmotors.fr\/index.php\/wp-json\/wp\/v2\/pages"}],"about":[{"href":"https:\/\/internatmotors.fr\/index.php\/wp-json\/wp\/v2\/types\/page"}],"author":[{"embeddable":true,"href":"https:\/\/internatmotors.fr\/index.php\/wp-json\/wp\/v2\/users\/1"}],"replies":[{"embeddable":true,"href":"https:\/\/internatmotors.fr\/index.php\/wp-json\/wp\/v2\/comments?post=808"}],"version-history":[{"count":155,"href":"https:\/\/internatmotors.fr\/index.php\/wp-json\/wp\/v2\/pages\/808\/revisions"}],"predecessor-version":[{"id":5662,"href":"https:\/\/internatmotors.fr\/index.php\/wp-json\/wp\/v2\/pages\/808\/revisions\/5662"}],"wp:attachment":[{"href":"https:\/\/internatmotors.fr\/index.php\/wp-json\/wp\/v2\/media?parent=808"}],"curies":[{"name":"wp","href":"https:\/\/api.w.org\/{rel}","templated":true}]}}