{"id":5936,"date":"2023-11-13T10:55:31","date_gmt":"2023-11-13T09:55:31","guid":{"rendered":"https:\/\/internatmotors.fr\/?page_id=5936"},"modified":"2023-11-14T13:53:23","modified_gmt":"2023-11-14T12:53:23","slug":"embase-bravo-one","status":"publish","type":"page","link":"https:\/\/internatmotors.fr\/index.php\/embase-bravo-one\/","title":{"rendered":"Embase Bravo One"},"content":{"rendered":"\t\t<div data-elementor-type=\"wp-page\" data-elementor-id=\"5936\" class=\"elementor elementor-5936\">\n\t\t\t\t<div class=\"elementor-element elementor-element-86e476c e-flex e-con-boxed e-con e-parent\" data-id=\"86e476c\" data-element_type=\"container\" data-e-type=\"container\">\n\t\t\t\t\t<div class=\"e-con-inner\">\n\t\t\t\t<div class=\"elementor-element elementor-element-3e3f913 elementor-widget elementor-widget-heading\" data-id=\"3e3f913\" data-element_type=\"widget\" data-e-type=\"widget\" data-widget_type=\"heading.default\">\n\t\t\t\t<div class=\"elementor-widget-container\">\n\t\t\t\t\t<h2 class=\"elementor-heading-title elementor-size-default\">Embase Bravo One<\/h2>\t\t\t\t<\/div>\n\t\t\t\t<\/div>\n\t\t\t\t\t<\/div>\n\t\t\t\t<\/div>\n\t\t<div class=\"elementor-element elementor-element-5e94fc1 e-flex e-con-boxed e-con e-parent\" data-id=\"5e94fc1\" data-element_type=\"container\" data-e-type=\"container\">\n\t\t\t\t\t<div class=\"e-con-inner\">\n\t\t\t\t<div class=\"elementor-element elementor-element-b477e8b elementor-widget elementor-widget-image\" data-id=\"b477e8b\" data-element_type=\"widget\" data-e-type=\"widget\" data-widget_type=\"image.default\">\n\t\t\t\t<div class=\"elementor-widget-container\">\n\t\t\t\t\t\t\t\t\t\t\t\t\t\t\t<img fetchpriority=\"high\" decoding=\"async\" width=\"440\" height=\"600\" src=\"https:\/\/internatmotors.fr\/wp-content\/uploads\/bravo-1.jpg__475x600_q85_autocrop_size_canvas_subsampling-2_upscale.jpg\" class=\"attachment-large size-large wp-image-5925\" alt=\"\" srcset=\"https:\/\/internatmotors.fr\/wp-content\/uploads\/bravo-1.jpg__475x600_q85_autocrop_size_canvas_subsampling-2_upscale.jpg 440w, https:\/\/internatmotors.fr\/wp-content\/uploads\/bravo-1.jpg__475x600_q85_autocrop_size_canvas_subsampling-2_upscale-220x300.jpg 220w\" sizes=\"(max-width: 440px) 100vw, 440px\" \/>\t\t\t\t\t\t\t\t\t\t\t\t\t\t\t<\/div>\n\t\t\t\t<\/div>\n\t\t\t\t\t<\/div>\n\t\t\t\t<\/div>\n\t\t<div class=\"elementor-element elementor-element-f563c36 e-flex e-con-boxed e-con e-parent\" data-id=\"f563c36\" data-element_type=\"container\" data-e-type=\"container\">\n\t\t\t\t\t<div class=\"e-con-inner\">\n\t\t\t\t<div class=\"elementor-element elementor-element-5a8ea93 elementor-widget elementor-widget-text-editor\" data-id=\"5a8ea93\" data-element_type=\"widget\" data-e-type=\"widget\" data-widget_type=\"text-editor.default\">\n\t\t\t\t<div class=\"elementor-widget-container\">\n\t\t\t\t\t\t\t\t\t<div class=\"subhead-2\"><p>Les carters fusiformes allong\u00e9s r\u00e9duisent la train\u00e9e et une d\u00e9rive plus profonde fournit une grande surface de gouvernail qui assure une r\u00e9ponse \u00e0 la direction excellente \u00e0 toutes les vitesses.<\/p><p>Raffin\u00e9es et dociles, avec la meilleure inversion de marche de leur cat\u00e9gorie. Con\u00e7ues pour utilisation avec un, deux ou trois moteurs, pour les bateaux d\u00e9passant les 161 km\/h, les moteurs \u00e0 essence jusqu&rsquo;\u00e0 600\u00a0cv et les moteurs diesel jusqu&rsquo;\u00e0 370\u00a0cv.<\/p><p>Bravo One\u00ae, Bravo One X\u00ae, Bravo One XR\u00ae pour les moteurs sterndrive \u00e0 essence, Bravo One X Diesel et Bravo One XR Diesel pour les moteurs\u00a0diesels.<\/p><\/div>\t\t\t\t\t\t\t\t<\/div>\n\t\t\t\t<\/div>\n\t\t\t\t\t<\/div>\n\t\t\t\t<\/div>\n\t\t<div class=\"elementor-element elementor-element-30235e4 e-flex e-con-boxed e-con e-parent\" data-id=\"30235e4\" data-element_type=\"container\" data-e-type=\"container\">\n\t\t\t\t\t<div class=\"e-con-inner\">\n\t\t\t\t<div class=\"elementor-element elementor-element-cafc60c elementor-widget elementor-widget-heading\" data-id=\"cafc60c\" data-element_type=\"widget\" data-e-type=\"widget\" data-widget_type=\"heading.default\">\n\t\t\t\t<div class=\"elementor-widget-container\">\n\t\t\t\t\t<h3 class=\"elementor-heading-title elementor-size-default\">A Partir de : 11 984 \u20ac HT<\/h3>\t\t\t\t<\/div>\n\t\t\t\t<\/div>\n\t\t\t\t\t<\/div>\n\t\t\t\t<\/div>\n\t\t\t\t<\/div>\n\t\t","protected":false},"excerpt":{"rendered":"<p>Embase Bravo One Les carters fusiformes allong\u00e9s r\u00e9duisent la train\u00e9e et une d\u00e9rive plus profonde fournit une grande surface de gouvernail qui assure une r\u00e9ponse \u00e0 la direction excellente \u00e0 toutes les vitesses. Raffin\u00e9es et dociles, avec la meilleure inversion de marche de leur cat\u00e9gorie. Con\u00e7ues pour utilisation avec un, deux ou trois moteurs, pour [&hellip;]<\/p>\n","protected":false},"author":1,"featured_media":0,"parent":0,"menu_order":0,"comment_status":"closed","ping_status":"closed","template":"","meta":{"ocean_post_layout":"","ocean_both_sidebars_style":"","ocean_both_sidebars_content_width":0,"ocean_both_sidebars_sidebars_width":0,"ocean_sidebar":"","ocean_second_sidebar":"","ocean_disable_margins":"enable","ocean_add_body_class":"","ocean_shortcode_before_top_bar":"","ocean_shortcode_after_top_bar":"","ocean_shortcode_before_header":"","ocean_shortcode_after_header":"","ocean_has_shortcode":"","ocean_shortcode_after_title":"","ocean_shortcode_before_footer_widgets":"","ocean_shortcode_after_footer_widgets":"","ocean_shortcode_before_footer_bottom":"","ocean_shortcode_after_footer_bottom":"","ocean_display_top_bar":"default","ocean_display_header":"default","ocean_header_style":"","ocean_center_header_left_menu":"","ocean_custom_header_template":"","ocean_custom_logo":0,"ocean_custom_retina_logo":0,"ocean_custom_logo_max_width":0,"ocean_custom_logo_tablet_max_width":0,"ocean_custom_logo_mobile_max_width":0,"ocean_custom_logo_max_height":0,"ocean_custom_logo_tablet_max_height":0,"ocean_custom_logo_mobile_max_height":0,"ocean_header_custom_menu":"","ocean_menu_typo_font_family":"","ocean_menu_typo_font_subset":"","ocean_menu_typo_font_size":0,"ocean_menu_typo_font_size_tablet":0,"ocean_menu_typo_font_size_mobile":0,"ocean_menu_typo_font_size_unit":"px","ocean_menu_typo_font_weight":"","ocean_menu_typo_font_weight_tablet":"","ocean_menu_typo_font_weight_mobile":"","ocean_menu_typo_transform":"","ocean_menu_typo_transform_tablet":"","ocean_menu_typo_transform_mobile":"","ocean_menu_typo_line_height":0,"ocean_menu_typo_line_height_tablet":0,"ocean_menu_typo_line_height_mobile":0,"ocean_menu_typo_line_height_unit":"","ocean_menu_typo_spacing":0,"ocean_menu_typo_spacing_tablet":0,"ocean_menu_typo_spacing_mobile":0,"ocean_menu_typo_spacing_unit":"","ocean_menu_link_color":"","ocean_menu_link_color_hover":"","ocean_menu_link_color_active":"","ocean_menu_link_background":"","ocean_menu_link_hover_background":"","ocean_menu_link_active_background":"","ocean_menu_social_links_bg":"","ocean_menu_social_hover_links_bg":"","ocean_menu_social_links_color":"","ocean_menu_social_hover_links_color":"","ocean_disable_title":"default","ocean_disable_heading":"default","ocean_post_title":"","ocean_post_subheading":"","ocean_post_title_style":"","ocean_post_title_background_color":"","ocean_post_title_background":0,"ocean_post_title_bg_image_position":"","ocean_post_title_bg_image_attachment":"","ocean_post_title_bg_image_repeat":"","ocean_post_title_bg_image_size":"","ocean_post_title_height":0,"ocean_post_title_bg_overlay":0.5,"ocean_post_title_bg_overlay_color":"","ocean_disable_breadcrumbs":"default","ocean_breadcrumbs_color":"","ocean_breadcrumbs_separator_color":"","ocean_breadcrumbs_links_color":"","ocean_breadcrumbs_links_hover_color":"","ocean_display_footer_widgets":"default","ocean_display_footer_bottom":"default","ocean_custom_footer_template":"","footnotes":""},"class_list":["post-5936","page","type-page","status-publish","hentry","entry","owp-thumbs-layout-horizontal","owp-btn-normal","owp-tabs-layout-horizontal","has-no-thumbnails","has-product-nav"],"yoast_head":"<!-- This site is optimized with the Yoast SEO plugin v27.5 - https:\/\/yoast.com\/product\/yoast-seo-wordpress\/ -->\n<title>Embase Bravo One - IMS<\/title>\n<meta name=\"robots\" content=\"index, follow, max-snippet:-1, max-image-preview:large, max-video-preview:-1\" \/>\n<link rel=\"canonical\" href=\"https:\/\/internatmotors.fr\/index.php\/embase-bravo-one\/\" \/>\n<meta property=\"og:locale\" content=\"fr_FR\" \/>\n<meta property=\"og:type\" content=\"article\" \/>\n<meta property=\"og:title\" content=\"Embase Bravo One - IMS\" \/>\n<meta property=\"og:description\" content=\"Embase Bravo One Les carters fusiformes allong\u00e9s r\u00e9duisent la train\u00e9e et une d\u00e9rive plus profonde fournit une grande surface de gouvernail qui assure une r\u00e9ponse \u00e0 la direction excellente \u00e0 toutes les vitesses. Raffin\u00e9es et dociles, avec la meilleure inversion de marche de leur cat\u00e9gorie. Con\u00e7ues pour utilisation avec un, deux ou trois moteurs, pour [&hellip;]\" \/>\n<meta property=\"og:url\" content=\"https:\/\/internatmotors.fr\/index.php\/embase-bravo-one\/\" \/>\n<meta property=\"og:site_name\" content=\"IMS\" \/>\n<meta property=\"article:publisher\" content=\"https:\/\/www.facebook.com\/ims.ims.505960\" \/>\n<meta property=\"article:modified_time\" content=\"2023-11-14T12:53:23+00:00\" \/>\n<meta property=\"og:image\" content=\"https:\/\/internatmotors.fr\/wp-content\/uploads\/bravo-1.jpg__475x600_q85_autocrop_size_canvas_subsampling-2_upscale.jpg\" \/>\n<meta name=\"twitter:card\" content=\"summary_large_image\" \/>\n<meta name=\"twitter:label1\" content=\"Dur\u00e9e de lecture estim\u00e9e\" \/>\n\t<meta name=\"twitter:data1\" content=\"1 minute\" \/>\n<script type=\"application\/ld+json\" class=\"yoast-schema-graph\">{\"@context\":\"https:\\\/\\\/schema.org\",\"@graph\":[{\"@type\":\"WebPage\",\"@id\":\"https:\\\/\\\/internatmotors.fr\\\/index.php\\\/embase-bravo-one\\\/\",\"url\":\"https:\\\/\\\/internatmotors.fr\\\/index.php\\\/embase-bravo-one\\\/\",\"name\":\"Embase Bravo One - IMS\",\"isPartOf\":{\"@id\":\"https:\\\/\\\/internatmotors.fr\\\/#website\"},\"primaryImageOfPage\":{\"@id\":\"https:\\\/\\\/internatmotors.fr\\\/index.php\\\/embase-bravo-one\\\/#primaryimage\"},\"image\":{\"@id\":\"https:\\\/\\\/internatmotors.fr\\\/index.php\\\/embase-bravo-one\\\/#primaryimage\"},\"thumbnailUrl\":\"https:\\\/\\\/internatmotors.fr\\\/wp-content\\\/uploads\\\/bravo-1.jpg__475x600_q85_autocrop_size_canvas_subsampling-2_upscale.jpg\",\"datePublished\":\"2023-11-13T09:55:31+00:00\",\"dateModified\":\"2023-11-14T12:53:23+00:00\",\"breadcrumb\":{\"@id\":\"https:\\\/\\\/internatmotors.fr\\\/index.php\\\/embase-bravo-one\\\/#breadcrumb\"},\"inLanguage\":\"fr-FR\",\"potentialAction\":[{\"@type\":\"ReadAction\",\"target\":[\"https:\\\/\\\/internatmotors.fr\\\/index.php\\\/embase-bravo-one\\\/\"]}]},{\"@type\":\"ImageObject\",\"inLanguage\":\"fr-FR\",\"@id\":\"https:\\\/\\\/internatmotors.fr\\\/index.php\\\/embase-bravo-one\\\/#primaryimage\",\"url\":\"https:\\\/\\\/internatmotors.fr\\\/wp-content\\\/uploads\\\/bravo-1.jpg__475x600_q85_autocrop_size_canvas_subsampling-2_upscale.jpg\",\"contentUrl\":\"https:\\\/\\\/internatmotors.fr\\\/wp-content\\\/uploads\\\/bravo-1.jpg__475x600_q85_autocrop_size_canvas_subsampling-2_upscale.jpg\",\"width\":440,\"height\":600},{\"@type\":\"BreadcrumbList\",\"@id\":\"https:\\\/\\\/internatmotors.fr\\\/index.php\\\/embase-bravo-one\\\/#breadcrumb\",\"itemListElement\":[{\"@type\":\"ListItem\",\"position\":1,\"name\":\"Accueil\",\"item\":\"https:\\\/\\\/internatmotors.fr\\\/\"},{\"@type\":\"ListItem\",\"position\":2,\"name\":\"Embase Bravo One\"}]},{\"@type\":\"WebSite\",\"@id\":\"https:\\\/\\\/internatmotors.fr\\\/#website\",\"url\":\"https:\\\/\\\/internatmotors.fr\\\/\",\"name\":\"IMS\",\"description\":\"Les sp\u00e9cialistes du moteur marin\",\"publisher\":{\"@id\":\"https:\\\/\\\/internatmotors.fr\\\/#organization\"},\"potentialAction\":[{\"@type\":\"SearchAction\",\"target\":{\"@type\":\"EntryPoint\",\"urlTemplate\":\"https:\\\/\\\/internatmotors.fr\\\/?s={search_term_string}\"},\"query-input\":{\"@type\":\"PropertyValueSpecification\",\"valueRequired\":true,\"valueName\":\"search_term_string\"}}],\"inLanguage\":\"fr-FR\"},{\"@type\":\"Organization\",\"@id\":\"https:\\\/\\\/internatmotors.fr\\\/#organization\",\"name\":\"IMS\",\"url\":\"https:\\\/\\\/internatmotors.fr\\\/\",\"logo\":{\"@type\":\"ImageObject\",\"inLanguage\":\"fr-FR\",\"@id\":\"https:\\\/\\\/internatmotors.fr\\\/#\\\/schema\\\/logo\\\/image\\\/\",\"url\":\"https:\\\/\\\/internatmotors.fr\\\/wp-content\\\/uploads\\\/2022\\\/07\\\/Logo-Vectoriel-IMS-sans-fond-.png\",\"contentUrl\":\"https:\\\/\\\/internatmotors.fr\\\/wp-content\\\/uploads\\\/2022\\\/07\\\/Logo-Vectoriel-IMS-sans-fond-.png\",\"width\":604,\"height\":320,\"caption\":\"IMS\"},\"image\":{\"@id\":\"https:\\\/\\\/internatmotors.fr\\\/#\\\/schema\\\/logo\\\/image\\\/\"},\"sameAs\":[\"https:\\\/\\\/www.facebook.com\\\/ims.ims.505960\",\"https:\\\/\\\/www.instagram.com\\\/ims.marseille\\\/?hl=fr\"]}]}<\/script>\n<!-- \/ Yoast SEO plugin. -->","yoast_head_json":{"title":"Embase Bravo One - IMS","robots":{"index":"index","follow":"follow","max-snippet":"max-snippet:-1","max-image-preview":"max-image-preview:large","max-video-preview":"max-video-preview:-1"},"canonical":"https:\/\/internatmotors.fr\/index.php\/embase-bravo-one\/","og_locale":"fr_FR","og_type":"article","og_title":"Embase Bravo One - IMS","og_description":"Embase Bravo One Les carters fusiformes allong\u00e9s r\u00e9duisent la train\u00e9e et une d\u00e9rive plus profonde fournit une grande surface de gouvernail qui assure une r\u00e9ponse \u00e0 la direction excellente \u00e0 toutes les vitesses. Raffin\u00e9es et dociles, avec la meilleure inversion de marche de leur cat\u00e9gorie. Con\u00e7ues pour utilisation avec un, deux ou trois moteurs, pour [&hellip;]","og_url":"https:\/\/internatmotors.fr\/index.php\/embase-bravo-one\/","og_site_name":"IMS","article_publisher":"https:\/\/www.facebook.com\/ims.ims.505960","article_modified_time":"2023-11-14T12:53:23+00:00","og_image":[{"url":"https:\/\/internatmotors.fr\/wp-content\/uploads\/bravo-1.jpg__475x600_q85_autocrop_size_canvas_subsampling-2_upscale.jpg","type":"","width":"","height":""}],"twitter_card":"summary_large_image","twitter_misc":{"Dur\u00e9e de lecture estim\u00e9e":"1 minute"},"schema":{"@context":"https:\/\/schema.org","@graph":[{"@type":"WebPage","@id":"https:\/\/internatmotors.fr\/index.php\/embase-bravo-one\/","url":"https:\/\/internatmotors.fr\/index.php\/embase-bravo-one\/","name":"Embase Bravo One - IMS","isPartOf":{"@id":"https:\/\/internatmotors.fr\/#website"},"primaryImageOfPage":{"@id":"https:\/\/internatmotors.fr\/index.php\/embase-bravo-one\/#primaryimage"},"image":{"@id":"https:\/\/internatmotors.fr\/index.php\/embase-bravo-one\/#primaryimage"},"thumbnailUrl":"https:\/\/internatmotors.fr\/wp-content\/uploads\/bravo-1.jpg__475x600_q85_autocrop_size_canvas_subsampling-2_upscale.jpg","datePublished":"2023-11-13T09:55:31+00:00","dateModified":"2023-11-14T12:53:23+00:00","breadcrumb":{"@id":"https:\/\/internatmotors.fr\/index.php\/embase-bravo-one\/#breadcrumb"},"inLanguage":"fr-FR","potentialAction":[{"@type":"ReadAction","target":["https:\/\/internatmotors.fr\/index.php\/embase-bravo-one\/"]}]},{"@type":"ImageObject","inLanguage":"fr-FR","@id":"https:\/\/internatmotors.fr\/index.php\/embase-bravo-one\/#primaryimage","url":"https:\/\/internatmotors.fr\/wp-content\/uploads\/bravo-1.jpg__475x600_q85_autocrop_size_canvas_subsampling-2_upscale.jpg","contentUrl":"https:\/\/internatmotors.fr\/wp-content\/uploads\/bravo-1.jpg__475x600_q85_autocrop_size_canvas_subsampling-2_upscale.jpg","width":440,"height":600},{"@type":"BreadcrumbList","@id":"https:\/\/internatmotors.fr\/index.php\/embase-bravo-one\/#breadcrumb","itemListElement":[{"@type":"ListItem","position":1,"name":"Accueil","item":"https:\/\/internatmotors.fr\/"},{"@type":"ListItem","position":2,"name":"Embase Bravo One"}]},{"@type":"WebSite","@id":"https:\/\/internatmotors.fr\/#website","url":"https:\/\/internatmotors.fr\/","name":"IMS","description":"Les sp\u00e9cialistes du moteur marin","publisher":{"@id":"https:\/\/internatmotors.fr\/#organization"},"potentialAction":[{"@type":"SearchAction","target":{"@type":"EntryPoint","urlTemplate":"https:\/\/internatmotors.fr\/?s={search_term_string}"},"query-input":{"@type":"PropertyValueSpecification","valueRequired":true,"valueName":"search_term_string"}}],"inLanguage":"fr-FR"},{"@type":"Organization","@id":"https:\/\/internatmotors.fr\/#organization","name":"IMS","url":"https:\/\/internatmotors.fr\/","logo":{"@type":"ImageObject","inLanguage":"fr-FR","@id":"https:\/\/internatmotors.fr\/#\/schema\/logo\/image\/","url":"https:\/\/internatmotors.fr\/wp-content\/uploads\/2022\/07\/Logo-Vectoriel-IMS-sans-fond-.png","contentUrl":"https:\/\/internatmotors.fr\/wp-content\/uploads\/2022\/07\/Logo-Vectoriel-IMS-sans-fond-.png","width":604,"height":320,"caption":"IMS"},"image":{"@id":"https:\/\/internatmotors.fr\/#\/schema\/logo\/image\/"},"sameAs":["https:\/\/www.facebook.com\/ims.ims.505960","https:\/\/www.instagram.com\/ims.marseille\/?hl=fr"]}]}},"_links":{"self":[{"href":"https:\/\/internatmotors.fr\/index.php\/wp-json\/wp\/v2\/pages\/5936","targetHints":{"allow":["GET"]}}],"collection":[{"href":"https:\/\/internatmotors.fr\/index.php\/wp-json\/wp\/v2\/pages"}],"about":[{"href":"https:\/\/internatmotors.fr\/index.php\/wp-json\/wp\/v2\/types\/page"}],"author":[{"embeddable":true,"href":"https:\/\/internatmotors.fr\/index.php\/wp-json\/wp\/v2\/users\/1"}],"replies":[{"embeddable":true,"href":"https:\/\/internatmotors.fr\/index.php\/wp-json\/wp\/v2\/comments?post=5936"}],"version-history":[{"count":13,"href":"https:\/\/internatmotors.fr\/index.php\/wp-json\/wp\/v2\/pages\/5936\/revisions"}],"predecessor-version":[{"id":5986,"href":"https:\/\/internatmotors.fr\/index.php\/wp-json\/wp\/v2\/pages\/5936\/revisions\/5986"}],"wp:attachment":[{"href":"https:\/\/internatmotors.fr\/index.php\/wp-json\/wp\/v2\/media?parent=5936"}],"curies":[{"name":"wp","href":"https:\/\/api.w.org\/{rel}","templated":true}]}}