{"id":5738,"date":"2023-11-03T15:35:49","date_gmt":"2023-11-03T14:35:49","guid":{"rendered":"https:\/\/internatmotors.fr\/?page_id=5738"},"modified":"2023-11-03T16:48:11","modified_gmt":"2023-11-03T15:48:11","slug":"mercruiser","status":"publish","type":"page","link":"https:\/\/internatmotors.fr\/index.php\/mercruiser\/","title":{"rendered":"Mercruiser"},"content":{"rendered":"\t\t<div data-elementor-type=\"wp-page\" data-elementor-id=\"5738\" class=\"elementor elementor-5738\">\n\t\t\t\t<div class=\"elementor-element elementor-element-7ddbc30 e-flex e-con-boxed e-con e-parent\" data-id=\"7ddbc30\" data-element_type=\"container\" data-e-type=\"container\">\n\t\t\t\t\t<div class=\"e-con-inner\">\n\t\t\t\t<div class=\"elementor-element elementor-element-eca62bb elementor-widget__width-initial elementor-widget elementor-widget-image\" data-id=\"eca62bb\" data-element_type=\"widget\" data-e-type=\"widget\" data-widget_type=\"image.default\">\n\t\t\t\t<div class=\"elementor-widget-container\">\n\t\t\t\t\t\t\t\t\t\t\t\t\t\t\t<img fetchpriority=\"high\" decoding=\"async\" width=\"500\" height=\"175\" src=\"https:\/\/internatmotors.fr\/wp-content\/uploads\/mercury-mercruiser-logo.png\" class=\"attachment-2048x2048 size-2048x2048 wp-image-5746\" alt=\"\" srcset=\"https:\/\/internatmotors.fr\/wp-content\/uploads\/mercury-mercruiser-logo.png 500w, https:\/\/internatmotors.fr\/wp-content\/uploads\/mercury-mercruiser-logo-300x105.png 300w\" sizes=\"(max-width: 500px) 100vw, 500px\" \/>\t\t\t\t\t\t\t\t\t\t\t\t\t\t\t<\/div>\n\t\t\t\t<\/div>\n\t\t\t\t\t<\/div>\n\t\t\t\t<\/div>\n\t\t<div class=\"elementor-element elementor-element-08eb1c9 e-con-full e-flex e-con e-parent\" data-id=\"08eb1c9\" data-element_type=\"container\" data-e-type=\"container\">\n\t\t<div class=\"elementor-element elementor-element-859ce78 e-con-full e-flex e-con e-child\" data-id=\"859ce78\" data-element_type=\"container\" data-e-type=\"container\">\n\t\t\t\t<div class=\"elementor-element elementor-element-b74209c elementor-widget elementor-widget-image\" data-id=\"b74209c\" data-element_type=\"widget\" data-e-type=\"widget\" data-widget_type=\"image.default\">\n\t\t\t\t<div class=\"elementor-widget-container\">\n\t\t\t\t\t\t\t\t\t\t\t\t\t\t\t<img decoding=\"async\" width=\"550\" height=\"560\" src=\"https:\/\/internatmotors.fr\/wp-content\/uploads\/mercury-mercruiser-6-2l-1546003474.png\" class=\"attachment-large size-large wp-image-5745\" alt=\"\" srcset=\"https:\/\/internatmotors.fr\/wp-content\/uploads\/mercury-mercruiser-6-2l-1546003474.png 550w, https:\/\/internatmotors.fr\/wp-content\/uploads\/mercury-mercruiser-6-2l-1546003474-295x300.png 295w\" sizes=\"(max-width: 550px) 100vw, 550px\" \/>\t\t\t\t\t\t\t\t\t\t\t\t\t\t\t<\/div>\n\t\t\t\t<\/div>\n\t\t\t\t<\/div>\n\t\t<div class=\"elementor-element elementor-element-4538f30 e-con-full e-flex e-con e-child\" data-id=\"4538f30\" data-element_type=\"container\" data-e-type=\"container\">\n\t\t\t\t<div class=\"elementor-element elementor-element-eb48df4 elementor-widget elementor-widget-text-editor\" data-id=\"eb48df4\" data-element_type=\"widget\" data-e-type=\"widget\" data-widget_type=\"text-editor.default\">\n\t\t\t\t<div class=\"elementor-widget-container\">\n\t\t\t\t\t\t\t\t\t<p>Mercury MerCruiser offre le syst\u00e8me de propulsion parfait pour votre embarcation.<\/p><p>Avec une histoire riche de plus de 75 ans d&rsquo;innovation et d&rsquo;excellence dans l&rsquo;industrie marine, Mercury MerCruiser est une r\u00e9f\u00e9rence en mati\u00e8re de propulsion maritime.<\/p><p>La gamme exclusive de moteurs sterndrive, inboard est tout simplement la plus compl\u00e8te de l&rsquo;industrie.<\/p><p>Ces moteurs sont con\u00e7us avec une pr\u00e9cision exceptionnelle, mettant en avant la qualit\u00e9, la performance et la fiabilit\u00e9.<\/p><p>Les moteurs Mercury MerCruiser sont r\u00e9put\u00e9s pour leur efficacit\u00e9 \u00e9nerg\u00e9tique, leur durabilit\u00e9 et leur capacit\u00e9 \u00e0 optimiser la consommation de carburant, ce qui non seulement r\u00e9duit les co\u00fbts op\u00e9rationnels, mais contribue \u00e9galement \u00e0 pr\u00e9server l&rsquo;environnement.<\/p><p>Nous comprenons que chaque bateau a des besoins de propulsion uniques, c&rsquo;est pourquoi Mercury MerCruiser offre une gamme diversifi\u00e9e de moteurs, de tailles et de configurations, pour r\u00e9pondre \u00e0 une vari\u00e9t\u00e9 de besoins.<\/p><p>Que vous soyez un plaisancier r\u00e9cr\u00e9atif, un amateur de sports nautiques ou un professionnel de la marine, nous avons la r\u00e9ponse \u00e0 vos besoins de propulsion.<\/p><p>Opter pour Mercury MerCruiser, c&rsquo;est opter pour l&rsquo;excellence, l&rsquo;efficacit\u00e9 et l&rsquo;innovation dans le monde de la propulsion maritime.<\/p>\t\t\t\t\t\t\t\t<\/div>\n\t\t\t\t<\/div>\n\t\t\t\t<\/div>\n\t\t\t\t<\/div>\n\t\t<div class=\"elementor-element elementor-element-051ab85 e-flex e-con-boxed e-con e-parent\" data-id=\"051ab85\" data-element_type=\"container\" data-e-type=\"container\">\n\t\t\t\t\t<div class=\"e-con-inner\">\n\t\t\t\t<div class=\"elementor-element elementor-element-d1cc1c5 elementor-widget elementor-widget-image-carousel\" data-id=\"d1cc1c5\" data-element_type=\"widget\" data-e-type=\"widget\" data-settings=\"{&quot;navigation&quot;:&quot;none&quot;,&quot;autoplay&quot;:&quot;yes&quot;,&quot;pause_on_hover&quot;:&quot;yes&quot;,&quot;pause_on_interaction&quot;:&quot;yes&quot;,&quot;autoplay_speed&quot;:5000,&quot;infinite&quot;:&quot;yes&quot;,&quot;speed&quot;:500}\" data-widget_type=\"image-carousel.default\">\n\t\t\t\t<div class=\"elementor-widget-container\">\n\t\t\t\t\t\t\t<div class=\"elementor-image-carousel-wrapper swiper\" role=\"region\" aria-roledescription=\"carousel\" aria-label=\"Carrousel d\u2019images\" dir=\"ltr\">\n\t\t\t<div class=\"elementor-image-carousel swiper-wrapper\" aria-live=\"off\">\n\t\t\t\t\t\t\t\t<div class=\"swiper-slide\" role=\"group\" aria-roledescription=\"slide\" aria-label=\"1 sur 3\"><figure class=\"swiper-slide-inner\"><img decoding=\"async\" class=\"swiper-slide-image\" src=\"https:\/\/internatmotors.fr\/wp-content\/uploads\/mercury-mercruiser-6-2l-1546003474.png\" alt=\"mercury-mercruiser-6-2l-1546003474\" \/><\/figure><\/div><div class=\"swiper-slide\" role=\"group\" aria-roledescription=\"slide\" aria-label=\"2 sur 3\"><figure class=\"swiper-slide-inner\"><img decoding=\"async\" class=\"swiper-slide-image\" src=\"https:\/\/internatmotors.fr\/wp-content\/uploads\/mercury-mercruiser-4-5l-1546003668.png\" alt=\"mercury-mercruiser-4-5l-1546003668\" \/><\/figure><\/div><div class=\"swiper-slide\" role=\"group\" aria-roledescription=\"slide\" aria-label=\"3 sur 3\"><figure class=\"swiper-slide-inner\"><img decoding=\"async\" class=\"swiper-slide-image\" src=\"https:\/\/internatmotors.fr\/wp-content\/uploads\/321_1.jpg\" alt=\"321_1\" \/><\/figure><\/div>\t\t\t<\/div>\n\t\t\t\t\t\t\t\n\t\t\t\t\t\t\t\t\t<\/div>\n\t\t\t\t\t\t<\/div>\n\t\t\t\t<\/div>\n\t\t\t\t\t<\/div>\n\t\t\t\t<\/div>\n\t\t\t\t<\/div>\n\t\t","protected":false},"excerpt":{"rendered":"<p>Mercury MerCruiser offre le syst\u00e8me de propulsion parfait pour votre embarcation. Avec une histoire riche de plus de 75 ans d&rsquo;innovation et d&rsquo;excellence dans l&rsquo;industrie marine, Mercury MerCruiser est une r\u00e9f\u00e9rence en mati\u00e8re de propulsion maritime. La gamme exclusive de moteurs sterndrive, inboard est tout simplement la plus compl\u00e8te de l&rsquo;industrie. Ces moteurs sont con\u00e7us [&hellip;]<\/p>\n","protected":false},"author":1,"featured_media":0,"parent":0,"menu_order":0,"comment_status":"closed","ping_status":"closed","template":"","meta":{"ocean_post_layout":"","ocean_both_sidebars_style":"","ocean_both_sidebars_content_width":0,"ocean_both_sidebars_sidebars_width":0,"ocean_sidebar":"","ocean_second_sidebar":"","ocean_disable_margins":"enable","ocean_add_body_class":"","ocean_shortcode_before_top_bar":"","ocean_shortcode_after_top_bar":"","ocean_shortcode_before_header":"","ocean_shortcode_after_header":"","ocean_has_shortcode":"","ocean_shortcode_after_title":"","ocean_shortcode_before_footer_widgets":"","ocean_shortcode_after_footer_widgets":"","ocean_shortcode_before_footer_bottom":"","ocean_shortcode_after_footer_bottom":"","ocean_display_top_bar":"default","ocean_display_header":"default","ocean_header_style":"","ocean_center_header_left_menu":"","ocean_custom_header_template":"","ocean_custom_logo":0,"ocean_custom_retina_logo":0,"ocean_custom_logo_max_width":0,"ocean_custom_logo_tablet_max_width":0,"ocean_custom_logo_mobile_max_width":0,"ocean_custom_logo_max_height":0,"ocean_custom_logo_tablet_max_height":0,"ocean_custom_logo_mobile_max_height":0,"ocean_header_custom_menu":"","ocean_menu_typo_font_family":"","ocean_menu_typo_font_subset":"","ocean_menu_typo_font_size":0,"ocean_menu_typo_font_size_tablet":0,"ocean_menu_typo_font_size_mobile":0,"ocean_menu_typo_font_size_unit":"px","ocean_menu_typo_font_weight":"","ocean_menu_typo_font_weight_tablet":"","ocean_menu_typo_font_weight_mobile":"","ocean_menu_typo_transform":"","ocean_menu_typo_transform_tablet":"","ocean_menu_typo_transform_mobile":"","ocean_menu_typo_line_height":0,"ocean_menu_typo_line_height_tablet":0,"ocean_menu_typo_line_height_mobile":0,"ocean_menu_typo_line_height_unit":"","ocean_menu_typo_spacing":0,"ocean_menu_typo_spacing_tablet":0,"ocean_menu_typo_spacing_mobile":0,"ocean_menu_typo_spacing_unit":"","ocean_menu_link_color":"","ocean_menu_link_color_hover":"","ocean_menu_link_color_active":"","ocean_menu_link_background":"","ocean_menu_link_hover_background":"","ocean_menu_link_active_background":"","ocean_menu_social_links_bg":"","ocean_menu_social_hover_links_bg":"","ocean_menu_social_links_color":"","ocean_menu_social_hover_links_color":"","ocean_disable_title":"default","ocean_disable_heading":"default","ocean_post_title":"","ocean_post_subheading":"","ocean_post_title_style":"","ocean_post_title_background_color":"","ocean_post_title_background":0,"ocean_post_title_bg_image_position":"","ocean_post_title_bg_image_attachment":"","ocean_post_title_bg_image_repeat":"","ocean_post_title_bg_image_size":"","ocean_post_title_height":0,"ocean_post_title_bg_overlay":0.5,"ocean_post_title_bg_overlay_color":"","ocean_disable_breadcrumbs":"default","ocean_breadcrumbs_color":"","ocean_breadcrumbs_separator_color":"","ocean_breadcrumbs_links_color":"","ocean_breadcrumbs_links_hover_color":"","ocean_display_footer_widgets":"default","ocean_display_footer_bottom":"default","ocean_custom_footer_template":"","footnotes":""},"class_list":["post-5738","page","type-page","status-publish","hentry","entry","owp-thumbs-layout-horizontal","owp-btn-normal","owp-tabs-layout-horizontal","has-no-thumbnails","has-product-nav"],"yoast_head":"<!-- This site is optimized with the Yoast SEO plugin v27.4 - https:\/\/yoast.com\/product\/yoast-seo-wordpress\/ -->\n<title>Mercruiser - IMS<\/title>\n<meta name=\"robots\" content=\"index, follow, max-snippet:-1, max-image-preview:large, max-video-preview:-1\" \/>\n<link rel=\"canonical\" href=\"https:\/\/internatmotors.fr\/index.php\/mercruiser\/\" \/>\n<meta property=\"og:locale\" content=\"fr_FR\" \/>\n<meta property=\"og:type\" content=\"article\" \/>\n<meta property=\"og:title\" content=\"Mercruiser - IMS\" \/>\n<meta property=\"og:description\" content=\"Mercury MerCruiser offre le syst\u00e8me de propulsion parfait pour votre embarcation. Avec une histoire riche de plus de 75 ans d&rsquo;innovation et d&rsquo;excellence dans l&rsquo;industrie marine, Mercury MerCruiser est une r\u00e9f\u00e9rence en mati\u00e8re de propulsion maritime. La gamme exclusive de moteurs sterndrive, inboard est tout simplement la plus compl\u00e8te de l&rsquo;industrie. Ces moteurs sont con\u00e7us [&hellip;]\" \/>\n<meta property=\"og:url\" content=\"https:\/\/internatmotors.fr\/index.php\/mercruiser\/\" \/>\n<meta property=\"og:site_name\" content=\"IMS\" \/>\n<meta property=\"article:publisher\" content=\"https:\/\/www.facebook.com\/ims.ims.505960\" \/>\n<meta property=\"article:modified_time\" content=\"2023-11-03T15:48:11+00:00\" \/>\n<meta property=\"og:image\" content=\"https:\/\/internatmotors.fr\/wp-content\/uploads\/mercury-mercruiser-logo.png\" \/>\n<meta name=\"twitter:card\" content=\"summary_large_image\" \/>\n<meta name=\"twitter:label1\" content=\"Dur\u00e9e de lecture estim\u00e9e\" \/>\n\t<meta name=\"twitter:data1\" content=\"4 minutes\" \/>\n<script type=\"application\/ld+json\" class=\"yoast-schema-graph\">{\"@context\":\"https:\\\/\\\/schema.org\",\"@graph\":[{\"@type\":\"WebPage\",\"@id\":\"https:\\\/\\\/internatmotors.fr\\\/index.php\\\/mercruiser\\\/\",\"url\":\"https:\\\/\\\/internatmotors.fr\\\/index.php\\\/mercruiser\\\/\",\"name\":\"Mercruiser - IMS\",\"isPartOf\":{\"@id\":\"https:\\\/\\\/internatmotors.fr\\\/#website\"},\"primaryImageOfPage\":{\"@id\":\"https:\\\/\\\/internatmotors.fr\\\/index.php\\\/mercruiser\\\/#primaryimage\"},\"image\":{\"@id\":\"https:\\\/\\\/internatmotors.fr\\\/index.php\\\/mercruiser\\\/#primaryimage\"},\"thumbnailUrl\":\"https:\\\/\\\/internatmotors.fr\\\/wp-content\\\/uploads\\\/mercury-mercruiser-logo.png\",\"datePublished\":\"2023-11-03T14:35:49+00:00\",\"dateModified\":\"2023-11-03T15:48:11+00:00\",\"breadcrumb\":{\"@id\":\"https:\\\/\\\/internatmotors.fr\\\/index.php\\\/mercruiser\\\/#breadcrumb\"},\"inLanguage\":\"fr-FR\",\"potentialAction\":[{\"@type\":\"ReadAction\",\"target\":[\"https:\\\/\\\/internatmotors.fr\\\/index.php\\\/mercruiser\\\/\"]}]},{\"@type\":\"ImageObject\",\"inLanguage\":\"fr-FR\",\"@id\":\"https:\\\/\\\/internatmotors.fr\\\/index.php\\\/mercruiser\\\/#primaryimage\",\"url\":\"https:\\\/\\\/internatmotors.fr\\\/wp-content\\\/uploads\\\/mercury-mercruiser-logo.png\",\"contentUrl\":\"https:\\\/\\\/internatmotors.fr\\\/wp-content\\\/uploads\\\/mercury-mercruiser-logo.png\",\"width\":500,\"height\":175},{\"@type\":\"BreadcrumbList\",\"@id\":\"https:\\\/\\\/internatmotors.fr\\\/index.php\\\/mercruiser\\\/#breadcrumb\",\"itemListElement\":[{\"@type\":\"ListItem\",\"position\":1,\"name\":\"Accueil\",\"item\":\"https:\\\/\\\/internatmotors.fr\\\/\"},{\"@type\":\"ListItem\",\"position\":2,\"name\":\"Mercruiser\"}]},{\"@type\":\"WebSite\",\"@id\":\"https:\\\/\\\/internatmotors.fr\\\/#website\",\"url\":\"https:\\\/\\\/internatmotors.fr\\\/\",\"name\":\"IMS\",\"description\":\"Les sp\u00e9cialistes du moteur marin\",\"publisher\":{\"@id\":\"https:\\\/\\\/internatmotors.fr\\\/#organization\"},\"potentialAction\":[{\"@type\":\"SearchAction\",\"target\":{\"@type\":\"EntryPoint\",\"urlTemplate\":\"https:\\\/\\\/internatmotors.fr\\\/?s={search_term_string}\"},\"query-input\":{\"@type\":\"PropertyValueSpecification\",\"valueRequired\":true,\"valueName\":\"search_term_string\"}}],\"inLanguage\":\"fr-FR\"},{\"@type\":\"Organization\",\"@id\":\"https:\\\/\\\/internatmotors.fr\\\/#organization\",\"name\":\"IMS\",\"url\":\"https:\\\/\\\/internatmotors.fr\\\/\",\"logo\":{\"@type\":\"ImageObject\",\"inLanguage\":\"fr-FR\",\"@id\":\"https:\\\/\\\/internatmotors.fr\\\/#\\\/schema\\\/logo\\\/image\\\/\",\"url\":\"https:\\\/\\\/internatmotors.fr\\\/wp-content\\\/uploads\\\/2022\\\/07\\\/Logo-Vectoriel-IMS-sans-fond-.png\",\"contentUrl\":\"https:\\\/\\\/internatmotors.fr\\\/wp-content\\\/uploads\\\/2022\\\/07\\\/Logo-Vectoriel-IMS-sans-fond-.png\",\"width\":604,\"height\":320,\"caption\":\"IMS\"},\"image\":{\"@id\":\"https:\\\/\\\/internatmotors.fr\\\/#\\\/schema\\\/logo\\\/image\\\/\"},\"sameAs\":[\"https:\\\/\\\/www.facebook.com\\\/ims.ims.505960\",\"https:\\\/\\\/www.instagram.com\\\/ims.marseille\\\/?hl=fr\"]}]}<\/script>\n<!-- \/ Yoast SEO plugin. -->","yoast_head_json":{"title":"Mercruiser - IMS","robots":{"index":"index","follow":"follow","max-snippet":"max-snippet:-1","max-image-preview":"max-image-preview:large","max-video-preview":"max-video-preview:-1"},"canonical":"https:\/\/internatmotors.fr\/index.php\/mercruiser\/","og_locale":"fr_FR","og_type":"article","og_title":"Mercruiser - IMS","og_description":"Mercury MerCruiser offre le syst\u00e8me de propulsion parfait pour votre embarcation. Avec une histoire riche de plus de 75 ans d&rsquo;innovation et d&rsquo;excellence dans l&rsquo;industrie marine, Mercury MerCruiser est une r\u00e9f\u00e9rence en mati\u00e8re de propulsion maritime. La gamme exclusive de moteurs sterndrive, inboard est tout simplement la plus compl\u00e8te de l&rsquo;industrie. Ces moteurs sont con\u00e7us [&hellip;]","og_url":"https:\/\/internatmotors.fr\/index.php\/mercruiser\/","og_site_name":"IMS","article_publisher":"https:\/\/www.facebook.com\/ims.ims.505960","article_modified_time":"2023-11-03T15:48:11+00:00","og_image":[{"url":"https:\/\/internatmotors.fr\/wp-content\/uploads\/mercury-mercruiser-logo.png","type":"","width":"","height":""}],"twitter_card":"summary_large_image","twitter_misc":{"Dur\u00e9e de lecture estim\u00e9e":"4 minutes"},"schema":{"@context":"https:\/\/schema.org","@graph":[{"@type":"WebPage","@id":"https:\/\/internatmotors.fr\/index.php\/mercruiser\/","url":"https:\/\/internatmotors.fr\/index.php\/mercruiser\/","name":"Mercruiser - IMS","isPartOf":{"@id":"https:\/\/internatmotors.fr\/#website"},"primaryImageOfPage":{"@id":"https:\/\/internatmotors.fr\/index.php\/mercruiser\/#primaryimage"},"image":{"@id":"https:\/\/internatmotors.fr\/index.php\/mercruiser\/#primaryimage"},"thumbnailUrl":"https:\/\/internatmotors.fr\/wp-content\/uploads\/mercury-mercruiser-logo.png","datePublished":"2023-11-03T14:35:49+00:00","dateModified":"2023-11-03T15:48:11+00:00","breadcrumb":{"@id":"https:\/\/internatmotors.fr\/index.php\/mercruiser\/#breadcrumb"},"inLanguage":"fr-FR","potentialAction":[{"@type":"ReadAction","target":["https:\/\/internatmotors.fr\/index.php\/mercruiser\/"]}]},{"@type":"ImageObject","inLanguage":"fr-FR","@id":"https:\/\/internatmotors.fr\/index.php\/mercruiser\/#primaryimage","url":"https:\/\/internatmotors.fr\/wp-content\/uploads\/mercury-mercruiser-logo.png","contentUrl":"https:\/\/internatmotors.fr\/wp-content\/uploads\/mercury-mercruiser-logo.png","width":500,"height":175},{"@type":"BreadcrumbList","@id":"https:\/\/internatmotors.fr\/index.php\/mercruiser\/#breadcrumb","itemListElement":[{"@type":"ListItem","position":1,"name":"Accueil","item":"https:\/\/internatmotors.fr\/"},{"@type":"ListItem","position":2,"name":"Mercruiser"}]},{"@type":"WebSite","@id":"https:\/\/internatmotors.fr\/#website","url":"https:\/\/internatmotors.fr\/","name":"IMS","description":"Les sp\u00e9cialistes du moteur marin","publisher":{"@id":"https:\/\/internatmotors.fr\/#organization"},"potentialAction":[{"@type":"SearchAction","target":{"@type":"EntryPoint","urlTemplate":"https:\/\/internatmotors.fr\/?s={search_term_string}"},"query-input":{"@type":"PropertyValueSpecification","valueRequired":true,"valueName":"search_term_string"}}],"inLanguage":"fr-FR"},{"@type":"Organization","@id":"https:\/\/internatmotors.fr\/#organization","name":"IMS","url":"https:\/\/internatmotors.fr\/","logo":{"@type":"ImageObject","inLanguage":"fr-FR","@id":"https:\/\/internatmotors.fr\/#\/schema\/logo\/image\/","url":"https:\/\/internatmotors.fr\/wp-content\/uploads\/2022\/07\/Logo-Vectoriel-IMS-sans-fond-.png","contentUrl":"https:\/\/internatmotors.fr\/wp-content\/uploads\/2022\/07\/Logo-Vectoriel-IMS-sans-fond-.png","width":604,"height":320,"caption":"IMS"},"image":{"@id":"https:\/\/internatmotors.fr\/#\/schema\/logo\/image\/"},"sameAs":["https:\/\/www.facebook.com\/ims.ims.505960","https:\/\/www.instagram.com\/ims.marseille\/?hl=fr"]}]}},"_links":{"self":[{"href":"https:\/\/internatmotors.fr\/index.php\/wp-json\/wp\/v2\/pages\/5738","targetHints":{"allow":["GET"]}}],"collection":[{"href":"https:\/\/internatmotors.fr\/index.php\/wp-json\/wp\/v2\/pages"}],"about":[{"href":"https:\/\/internatmotors.fr\/index.php\/wp-json\/wp\/v2\/types\/page"}],"author":[{"embeddable":true,"href":"https:\/\/internatmotors.fr\/index.php\/wp-json\/wp\/v2\/users\/1"}],"replies":[{"embeddable":true,"href":"https:\/\/internatmotors.fr\/index.php\/wp-json\/wp\/v2\/comments?post=5738"}],"version-history":[{"count":19,"href":"https:\/\/internatmotors.fr\/index.php\/wp-json\/wp\/v2\/pages\/5738\/revisions"}],"predecessor-version":[{"id":5764,"href":"https:\/\/internatmotors.fr\/index.php\/wp-json\/wp\/v2\/pages\/5738\/revisions\/5764"}],"wp:attachment":[{"href":"https:\/\/internatmotors.fr\/index.php\/wp-json\/wp\/v2\/media?parent=5738"}],"curies":[{"name":"wp","href":"https:\/\/api.w.org\/{rel}","templated":true}]}}