{"id":5052,"date":"2023-06-19T14:22:59","date_gmt":"2023-06-19T12:22:59","guid":{"rendered":"https:\/\/internatmotors.fr\/?page_id=5052"},"modified":"2023-11-09T13:54:45","modified_gmt":"2023-11-09T12:54:45","slug":"annonces-moteurs-volvo","status":"publish","type":"page","link":"https:\/\/internatmotors.fr\/index.php\/annonces-moteurs-volvo\/","title":{"rendered":"Annonces Volvo"},"content":{"rendered":"\t\t<div data-elementor-type=\"wp-page\" data-elementor-id=\"5052\" class=\"elementor elementor-5052\">\n\t\t\t\t<div class=\"elementor-element elementor-element-c8dbd0e e-flex e-con-boxed e-con e-parent\" data-id=\"c8dbd0e\" data-element_type=\"container\" data-e-type=\"container\">\n\t\t\t\t\t<div class=\"e-con-inner\">\n\t\t\t\t<div class=\"elementor-element elementor-element-37fb33d elementor-widget elementor-widget-shortcode\" data-id=\"37fb33d\" data-element_type=\"widget\" data-e-type=\"widget\" data-widget_type=\"shortcode.default\">\n\t\t\t\t<div class=\"elementor-widget-container\">\n\t\t\t\t\t\t\t<div class=\"elementor-shortcode\"><a href=\"https:\/\/internatmotors.fr\/index.php\/moteur-disponible-nanni-volvo-mercury-mercruiser\/\" style=\"font-family=Lato;\">Revenir vers les autres moteurs en stock<\/a><\/div>\n\t\t\t\t\t\t<\/div>\n\t\t\t\t<\/div>\n\t\t\t\t\t<\/div>\n\t\t\t\t<\/div>\n\t\t<div class=\"elementor-element elementor-element-7b3b832 e-con-full e-flex e-con e-parent\" data-id=\"7b3b832\" data-element_type=\"container\" data-e-type=\"container\" data-settings=\"{&quot;background_background&quot;:&quot;classic&quot;}\">\n\t\t<div class=\"elementor-element elementor-element-d5e71cb e-con-full e-flex e-con e-child\" data-id=\"d5e71cb\" data-element_type=\"container\" data-e-type=\"container\">\n\t\t\t\t<div class=\"elementor-element elementor-element-52cd805 elementor-widget elementor-widget-spacer\" data-id=\"52cd805\" data-element_type=\"widget\" data-e-type=\"widget\" data-widget_type=\"spacer.default\">\n\t\t\t\t<div class=\"elementor-widget-container\">\n\t\t\t\t\t\t\t<div class=\"elementor-spacer\">\n\t\t\t<div class=\"elementor-spacer-inner\"><\/div>\n\t\t<\/div>\n\t\t\t\t\t\t<\/div>\n\t\t\t\t<\/div>\n\t\t\t\t<div class=\"elementor-element elementor-element-443c15f elementor-widget__width-initial elementor-widget elementor-widget-image\" data-id=\"443c15f\" data-element_type=\"widget\" data-e-type=\"widget\" data-widget_type=\"image.default\">\n\t\t\t\t<div class=\"elementor-widget-container\">\n\t\t\t\t\t\t\t\t\t\t\t\t\t\t\t<img fetchpriority=\"high\" decoding=\"async\" width=\"918\" height=\"684\" src=\"https:\/\/internatmotors.fr\/wp-content\/uploads\/Volv-D1-30.png\" class=\"attachment-large size-large wp-image-5055\" alt=\"\" srcset=\"https:\/\/internatmotors.fr\/wp-content\/uploads\/Volv-D1-30.png 918w, https:\/\/internatmotors.fr\/wp-content\/uploads\/Volv-D1-30-300x224.png 300w, https:\/\/internatmotors.fr\/wp-content\/uploads\/Volv-D1-30-768x572.png 768w, https:\/\/internatmotors.fr\/wp-content\/uploads\/Volv-D1-30-600x447.png 600w\" sizes=\"(max-width: 918px) 100vw, 918px\" \/>\t\t\t\t\t\t\t\t\t\t\t\t\t\t\t<\/div>\n\t\t\t\t<\/div>\n\t\t\t\t<\/div>\n\t\t<div class=\"elementor-element elementor-element-cae3406 e-con-full e-flex e-con e-child\" data-id=\"cae3406\" data-element_type=\"container\" data-e-type=\"container\">\n\t\t\t\t<div class=\"elementor-element elementor-element-8f1ba86 elementor-widget elementor-widget-heading\" data-id=\"8f1ba86\" data-element_type=\"widget\" data-e-type=\"widget\" data-widget_type=\"heading.default\">\n\t\t\t\t<div class=\"elementor-widget-container\">\n\t\t\t\t\t<h2 class=\"elementor-heading-title elementor-size-default\"><u>Volvo D1-30<\/u><\/h2>\t\t\t\t<\/div>\n\t\t\t\t<\/div>\n\t\t\t\t<div class=\"elementor-element elementor-element-0b207fb elementor-widget elementor-widget-heading\" data-id=\"0b207fb\" data-element_type=\"widget\" data-e-type=\"widget\" data-widget_type=\"heading.default\">\n\t\t\t\t<div class=\"elementor-widget-container\">\n\t\t\t\t\t<h2 class=\"elementor-heading-title elementor-size-default\">NOUVELLE G\u00c9N\u00c9RATION D1 POUR LE CONFORT \u00c0 BORD<\/h2>\t\t\t\t<\/div>\n\t\t\t\t<\/div>\n\t\t\t\t<div class=\"elementor-element elementor-element-679e532 elementor-widget__width-initial elementor-widget elementor-widget-text-editor\" data-id=\"679e532\" data-element_type=\"widget\" data-e-type=\"widget\" data-widget_type=\"text-editor.default\">\n\t\t\t\t<div class=\"elementor-widget-container\">\n\t\t\t\t\t\t\t\t\t<p>Le bruit, encore r\u00e9duit, et les bas r\u00e9gimes permettent une croissance silencieuse et un tr\u00e8s faible niveau de vibrations. L&rsquo;alternateur de 115A muni d&rsquo;un r\u00e9gulateur de charge int\u00e9gr\u00e9 fournit une charge rapide pour tous les besoins \u00e9lectriques \u00e0 bord.<\/p>\t\t\t\t\t\t\t\t<\/div>\n\t\t\t\t<\/div>\n\t\t\t\t<div class=\"elementor-element elementor-element-d93e8ab elementor-widget__width-initial elementor-widget elementor-widget-heading\" data-id=\"d93e8ab\" data-element_type=\"widget\" data-e-type=\"widget\" data-widget_type=\"heading.default\">\n\t\t\t\t<div class=\"elementor-widget-container\">\n\t\t\t\t\t<h2 class=\"elementor-heading-title elementor-size-default\">ETAT : Neuf <br><br><br>DISPONIBILIT\u00c9 : En stock <br><br><br>PUISSANCE : 28,4 cv<br><br><br>A Partir de : 12 843 \u20ac HT<\/h2>\t\t\t\t<\/div>\n\t\t\t\t<\/div>\n\t\t\t\t<div class=\"elementor-element elementor-element-370cb4a elementor-align-center elementor-widget elementor-widget-button\" data-id=\"370cb4a\" data-element_type=\"widget\" data-e-type=\"widget\" data-widget_type=\"button.default\">\n\t\t\t\t<div class=\"elementor-widget-container\">\n\t\t\t\t\t\t\t\t\t<div class=\"elementor-button-wrapper\">\n\t\t\t\t\t<a class=\"elementor-button elementor-button-link elementor-size-md elementor-animation-grow\" href=\"https:\/\/internatmotors.fr\/index.php\/volvo-d1-30-en-stk\/\">\n\t\t\t\t\t\t<span class=\"elementor-button-content-wrapper\">\n\t\t\t\t\t\t\t\t\t<span class=\"elementor-button-text\">Plus d'infos<\/span>\n\t\t\t\t\t<\/span>\n\t\t\t\t\t<\/a>\n\t\t\t\t<\/div>\n\t\t\t\t\t\t\t\t<\/div>\n\t\t\t\t<\/div>\n\t\t\t\t<\/div>\n\t\t\t\t<\/div>\n\t\t\t\t<\/div>\n\t\t","protected":false},"excerpt":{"rendered":"<p>Revenir vers les autres moteurs en stock Volvo D1-30 NOUVELLE G\u00c9N\u00c9RATION D1 POUR LE CONFORT \u00c0 BORD Le bruit, encore r\u00e9duit, et les bas r\u00e9gimes permettent une croissance silencieuse et un tr\u00e8s faible niveau de vibrations. L&rsquo;alternateur de 115A muni d&rsquo;un r\u00e9gulateur de charge int\u00e9gr\u00e9 fournit une charge rapide pour tous les besoins \u00e9lectriques \u00e0 [&hellip;]<\/p>\n","protected":false},"author":1,"featured_media":0,"parent":0,"menu_order":0,"comment_status":"closed","ping_status":"closed","template":"","meta":{"ocean_post_layout":"","ocean_both_sidebars_style":"","ocean_both_sidebars_content_width":0,"ocean_both_sidebars_sidebars_width":0,"ocean_sidebar":"0","ocean_second_sidebar":"0","ocean_disable_margins":"enable","ocean_add_body_class":"","ocean_shortcode_before_top_bar":"","ocean_shortcode_after_top_bar":"","ocean_shortcode_before_header":"","ocean_shortcode_after_header":"","ocean_has_shortcode":"","ocean_shortcode_after_title":"","ocean_shortcode_before_footer_widgets":"","ocean_shortcode_after_footer_widgets":"","ocean_shortcode_before_footer_bottom":"","ocean_shortcode_after_footer_bottom":"","ocean_display_top_bar":"default","ocean_display_header":"default","ocean_header_style":"","ocean_center_header_left_menu":"0","ocean_custom_header_template":"0","ocean_custom_logo":0,"ocean_custom_retina_logo":0,"ocean_custom_logo_max_width":0,"ocean_custom_logo_tablet_max_width":0,"ocean_custom_logo_mobile_max_width":0,"ocean_custom_logo_max_height":0,"ocean_custom_logo_tablet_max_height":0,"ocean_custom_logo_mobile_max_height":0,"ocean_header_custom_menu":"0","ocean_menu_typo_font_family":"0","ocean_menu_typo_font_subset":"","ocean_menu_typo_font_size":0,"ocean_menu_typo_font_size_tablet":0,"ocean_menu_typo_font_size_mobile":0,"ocean_menu_typo_font_size_unit":"px","ocean_menu_typo_font_weight":"","ocean_menu_typo_font_weight_tablet":"","ocean_menu_typo_font_weight_mobile":"","ocean_menu_typo_transform":"","ocean_menu_typo_transform_tablet":"","ocean_menu_typo_transform_mobile":"","ocean_menu_typo_line_height":0,"ocean_menu_typo_line_height_tablet":0,"ocean_menu_typo_line_height_mobile":0,"ocean_menu_typo_line_height_unit":"","ocean_menu_typo_spacing":0,"ocean_menu_typo_spacing_tablet":0,"ocean_menu_typo_spacing_mobile":0,"ocean_menu_typo_spacing_unit":"","ocean_menu_link_color":"","ocean_menu_link_color_hover":"","ocean_menu_link_color_active":"","ocean_menu_link_background":"","ocean_menu_link_hover_background":"","ocean_menu_link_active_background":"","ocean_menu_social_links_bg":"","ocean_menu_social_hover_links_bg":"","ocean_menu_social_links_color":"","ocean_menu_social_hover_links_color":"","ocean_disable_title":"default","ocean_disable_heading":"default","ocean_post_title":"","ocean_post_subheading":"","ocean_post_title_style":"","ocean_post_title_background_color":"","ocean_post_title_background":0,"ocean_post_title_bg_image_position":"","ocean_post_title_bg_image_attachment":"","ocean_post_title_bg_image_repeat":"","ocean_post_title_bg_image_size":"","ocean_post_title_height":0,"ocean_post_title_bg_overlay":0.5,"ocean_post_title_bg_overlay_color":"","ocean_disable_breadcrumbs":"default","ocean_breadcrumbs_color":"","ocean_breadcrumbs_separator_color":"","ocean_breadcrumbs_links_color":"","ocean_breadcrumbs_links_hover_color":"","ocean_display_footer_widgets":"default","ocean_display_footer_bottom":"default","ocean_custom_footer_template":"0","footnotes":""},"class_list":["post-5052","page","type-page","status-publish","hentry","entry","owp-thumbs-layout-horizontal","owp-btn-normal","owp-tabs-layout-horizontal","has-no-thumbnails","has-product-nav"],"yoast_head":"<!-- This site is optimized with the Yoast SEO plugin v27.4 - https:\/\/yoast.com\/product\/yoast-seo-wordpress\/ -->\n<title>Annonces Volvo - IMS<\/title>\n<meta name=\"robots\" content=\"index, follow, max-snippet:-1, max-image-preview:large, max-video-preview:-1\" \/>\n<link rel=\"canonical\" href=\"https:\/\/internatmotors.fr\/index.php\/annonces-moteurs-volvo\/\" \/>\n<meta property=\"og:locale\" content=\"fr_FR\" \/>\n<meta property=\"og:type\" content=\"article\" \/>\n<meta property=\"og:title\" content=\"Annonces Volvo - IMS\" \/>\n<meta property=\"og:description\" content=\"Revenir vers les autres moteurs en stock Volvo D1-30 NOUVELLE G\u00c9N\u00c9RATION D1 POUR LE CONFORT \u00c0 BORD Le bruit, encore r\u00e9duit, et les bas r\u00e9gimes permettent une croissance silencieuse et un tr\u00e8s faible niveau de vibrations. L&rsquo;alternateur de 115A muni d&rsquo;un r\u00e9gulateur de charge int\u00e9gr\u00e9 fournit une charge rapide pour tous les besoins \u00e9lectriques \u00e0 [&hellip;]\" \/>\n<meta property=\"og:url\" content=\"https:\/\/internatmotors.fr\/index.php\/annonces-moteurs-volvo\/\" \/>\n<meta property=\"og:site_name\" content=\"IMS\" \/>\n<meta property=\"article:publisher\" content=\"https:\/\/www.facebook.com\/ims.ims.505960\" \/>\n<meta property=\"article:modified_time\" content=\"2023-11-09T12:54:45+00:00\" \/>\n<meta property=\"og:image\" content=\"https:\/\/internatmotors.fr\/wp-content\/uploads\/Volv-D1-30.png\" \/>\n<meta name=\"twitter:card\" content=\"summary_large_image\" \/>\n<meta name=\"twitter:label1\" content=\"Dur\u00e9e de lecture estim\u00e9e\" \/>\n\t<meta name=\"twitter:data1\" content=\"1 minute\" \/>\n<script type=\"application\/ld+json\" class=\"yoast-schema-graph\">{\"@context\":\"https:\\\/\\\/schema.org\",\"@graph\":[{\"@type\":\"WebPage\",\"@id\":\"https:\\\/\\\/internatmotors.fr\\\/index.php\\\/annonces-moteurs-volvo\\\/\",\"url\":\"https:\\\/\\\/internatmotors.fr\\\/index.php\\\/annonces-moteurs-volvo\\\/\",\"name\":\"Annonces Volvo - IMS\",\"isPartOf\":{\"@id\":\"https:\\\/\\\/internatmotors.fr\\\/#website\"},\"primaryImageOfPage\":{\"@id\":\"https:\\\/\\\/internatmotors.fr\\\/index.php\\\/annonces-moteurs-volvo\\\/#primaryimage\"},\"image\":{\"@id\":\"https:\\\/\\\/internatmotors.fr\\\/index.php\\\/annonces-moteurs-volvo\\\/#primaryimage\"},\"thumbnailUrl\":\"https:\\\/\\\/internatmotors.fr\\\/wp-content\\\/uploads\\\/Volv-D1-30.png\",\"datePublished\":\"2023-06-19T12:22:59+00:00\",\"dateModified\":\"2023-11-09T12:54:45+00:00\",\"breadcrumb\":{\"@id\":\"https:\\\/\\\/internatmotors.fr\\\/index.php\\\/annonces-moteurs-volvo\\\/#breadcrumb\"},\"inLanguage\":\"fr-FR\",\"potentialAction\":[{\"@type\":\"ReadAction\",\"target\":[\"https:\\\/\\\/internatmotors.fr\\\/index.php\\\/annonces-moteurs-volvo\\\/\"]}]},{\"@type\":\"ImageObject\",\"inLanguage\":\"fr-FR\",\"@id\":\"https:\\\/\\\/internatmotors.fr\\\/index.php\\\/annonces-moteurs-volvo\\\/#primaryimage\",\"url\":\"https:\\\/\\\/internatmotors.fr\\\/wp-content\\\/uploads\\\/Volv-D1-30.png\",\"contentUrl\":\"https:\\\/\\\/internatmotors.fr\\\/wp-content\\\/uploads\\\/Volv-D1-30.png\",\"width\":918,\"height\":684},{\"@type\":\"BreadcrumbList\",\"@id\":\"https:\\\/\\\/internatmotors.fr\\\/index.php\\\/annonces-moteurs-volvo\\\/#breadcrumb\",\"itemListElement\":[{\"@type\":\"ListItem\",\"position\":1,\"name\":\"Accueil\",\"item\":\"https:\\\/\\\/internatmotors.fr\\\/\"},{\"@type\":\"ListItem\",\"position\":2,\"name\":\"Annonces Volvo\"}]},{\"@type\":\"WebSite\",\"@id\":\"https:\\\/\\\/internatmotors.fr\\\/#website\",\"url\":\"https:\\\/\\\/internatmotors.fr\\\/\",\"name\":\"IMS\",\"description\":\"Les sp\u00e9cialistes du moteur marin\",\"publisher\":{\"@id\":\"https:\\\/\\\/internatmotors.fr\\\/#organization\"},\"potentialAction\":[{\"@type\":\"SearchAction\",\"target\":{\"@type\":\"EntryPoint\",\"urlTemplate\":\"https:\\\/\\\/internatmotors.fr\\\/?s={search_term_string}\"},\"query-input\":{\"@type\":\"PropertyValueSpecification\",\"valueRequired\":true,\"valueName\":\"search_term_string\"}}],\"inLanguage\":\"fr-FR\"},{\"@type\":\"Organization\",\"@id\":\"https:\\\/\\\/internatmotors.fr\\\/#organization\",\"name\":\"IMS\",\"url\":\"https:\\\/\\\/internatmotors.fr\\\/\",\"logo\":{\"@type\":\"ImageObject\",\"inLanguage\":\"fr-FR\",\"@id\":\"https:\\\/\\\/internatmotors.fr\\\/#\\\/schema\\\/logo\\\/image\\\/\",\"url\":\"https:\\\/\\\/internatmotors.fr\\\/wp-content\\\/uploads\\\/2022\\\/07\\\/Logo-Vectoriel-IMS-sans-fond-.png\",\"contentUrl\":\"https:\\\/\\\/internatmotors.fr\\\/wp-content\\\/uploads\\\/2022\\\/07\\\/Logo-Vectoriel-IMS-sans-fond-.png\",\"width\":604,\"height\":320,\"caption\":\"IMS\"},\"image\":{\"@id\":\"https:\\\/\\\/internatmotors.fr\\\/#\\\/schema\\\/logo\\\/image\\\/\"},\"sameAs\":[\"https:\\\/\\\/www.facebook.com\\\/ims.ims.505960\",\"https:\\\/\\\/www.instagram.com\\\/ims.marseille\\\/?hl=fr\"]}]}<\/script>\n<!-- \/ Yoast SEO plugin. -->","yoast_head_json":{"title":"Annonces Volvo - IMS","robots":{"index":"index","follow":"follow","max-snippet":"max-snippet:-1","max-image-preview":"max-image-preview:large","max-video-preview":"max-video-preview:-1"},"canonical":"https:\/\/internatmotors.fr\/index.php\/annonces-moteurs-volvo\/","og_locale":"fr_FR","og_type":"article","og_title":"Annonces Volvo - IMS","og_description":"Revenir vers les autres moteurs en stock Volvo D1-30 NOUVELLE G\u00c9N\u00c9RATION D1 POUR LE CONFORT \u00c0 BORD Le bruit, encore r\u00e9duit, et les bas r\u00e9gimes permettent une croissance silencieuse et un tr\u00e8s faible niveau de vibrations. L&rsquo;alternateur de 115A muni d&rsquo;un r\u00e9gulateur de charge int\u00e9gr\u00e9 fournit une charge rapide pour tous les besoins \u00e9lectriques \u00e0 [&hellip;]","og_url":"https:\/\/internatmotors.fr\/index.php\/annonces-moteurs-volvo\/","og_site_name":"IMS","article_publisher":"https:\/\/www.facebook.com\/ims.ims.505960","article_modified_time":"2023-11-09T12:54:45+00:00","og_image":[{"url":"https:\/\/internatmotors.fr\/wp-content\/uploads\/Volv-D1-30.png","type":"","width":"","height":""}],"twitter_card":"summary_large_image","twitter_misc":{"Dur\u00e9e de lecture estim\u00e9e":"1 minute"},"schema":{"@context":"https:\/\/schema.org","@graph":[{"@type":"WebPage","@id":"https:\/\/internatmotors.fr\/index.php\/annonces-moteurs-volvo\/","url":"https:\/\/internatmotors.fr\/index.php\/annonces-moteurs-volvo\/","name":"Annonces Volvo - IMS","isPartOf":{"@id":"https:\/\/internatmotors.fr\/#website"},"primaryImageOfPage":{"@id":"https:\/\/internatmotors.fr\/index.php\/annonces-moteurs-volvo\/#primaryimage"},"image":{"@id":"https:\/\/internatmotors.fr\/index.php\/annonces-moteurs-volvo\/#primaryimage"},"thumbnailUrl":"https:\/\/internatmotors.fr\/wp-content\/uploads\/Volv-D1-30.png","datePublished":"2023-06-19T12:22:59+00:00","dateModified":"2023-11-09T12:54:45+00:00","breadcrumb":{"@id":"https:\/\/internatmotors.fr\/index.php\/annonces-moteurs-volvo\/#breadcrumb"},"inLanguage":"fr-FR","potentialAction":[{"@type":"ReadAction","target":["https:\/\/internatmotors.fr\/index.php\/annonces-moteurs-volvo\/"]}]},{"@type":"ImageObject","inLanguage":"fr-FR","@id":"https:\/\/internatmotors.fr\/index.php\/annonces-moteurs-volvo\/#primaryimage","url":"https:\/\/internatmotors.fr\/wp-content\/uploads\/Volv-D1-30.png","contentUrl":"https:\/\/internatmotors.fr\/wp-content\/uploads\/Volv-D1-30.png","width":918,"height":684},{"@type":"BreadcrumbList","@id":"https:\/\/internatmotors.fr\/index.php\/annonces-moteurs-volvo\/#breadcrumb","itemListElement":[{"@type":"ListItem","position":1,"name":"Accueil","item":"https:\/\/internatmotors.fr\/"},{"@type":"ListItem","position":2,"name":"Annonces Volvo"}]},{"@type":"WebSite","@id":"https:\/\/internatmotors.fr\/#website","url":"https:\/\/internatmotors.fr\/","name":"IMS","description":"Les sp\u00e9cialistes du moteur marin","publisher":{"@id":"https:\/\/internatmotors.fr\/#organization"},"potentialAction":[{"@type":"SearchAction","target":{"@type":"EntryPoint","urlTemplate":"https:\/\/internatmotors.fr\/?s={search_term_string}"},"query-input":{"@type":"PropertyValueSpecification","valueRequired":true,"valueName":"search_term_string"}}],"inLanguage":"fr-FR"},{"@type":"Organization","@id":"https:\/\/internatmotors.fr\/#organization","name":"IMS","url":"https:\/\/internatmotors.fr\/","logo":{"@type":"ImageObject","inLanguage":"fr-FR","@id":"https:\/\/internatmotors.fr\/#\/schema\/logo\/image\/","url":"https:\/\/internatmotors.fr\/wp-content\/uploads\/2022\/07\/Logo-Vectoriel-IMS-sans-fond-.png","contentUrl":"https:\/\/internatmotors.fr\/wp-content\/uploads\/2022\/07\/Logo-Vectoriel-IMS-sans-fond-.png","width":604,"height":320,"caption":"IMS"},"image":{"@id":"https:\/\/internatmotors.fr\/#\/schema\/logo\/image\/"},"sameAs":["https:\/\/www.facebook.com\/ims.ims.505960","https:\/\/www.instagram.com\/ims.marseille\/?hl=fr"]}]}},"_links":{"self":[{"href":"https:\/\/internatmotors.fr\/index.php\/wp-json\/wp\/v2\/pages\/5052","targetHints":{"allow":["GET"]}}],"collection":[{"href":"https:\/\/internatmotors.fr\/index.php\/wp-json\/wp\/v2\/pages"}],"about":[{"href":"https:\/\/internatmotors.fr\/index.php\/wp-json\/wp\/v2\/types\/page"}],"author":[{"embeddable":true,"href":"https:\/\/internatmotors.fr\/index.php\/wp-json\/wp\/v2\/users\/1"}],"replies":[{"embeddable":true,"href":"https:\/\/internatmotors.fr\/index.php\/wp-json\/wp\/v2\/comments?post=5052"}],"version-history":[{"count":41,"href":"https:\/\/internatmotors.fr\/index.php\/wp-json\/wp\/v2\/pages\/5052\/revisions"}],"predecessor-version":[{"id":5866,"href":"https:\/\/internatmotors.fr\/index.php\/wp-json\/wp\/v2\/pages\/5052\/revisions\/5866"}],"wp:attachment":[{"href":"https:\/\/internatmotors.fr\/index.php\/wp-json\/wp\/v2\/media?parent=5052"}],"curies":[{"name":"wp","href":"https:\/\/api.w.org\/{rel}","templated":true}]}}